{"id":11254,"date":"2023-03-15T20:01:00","date_gmt":"2023-03-15T20:01:00","guid":{"rendered":"https:\/\/festivalcapuchos.com\/?page_id=11254"},"modified":"2023-11-14T11:00:51","modified_gmt":"2023-11-14T11:00:51","slug":"edicao-2022","status":"publish","type":"page","link":"https:\/\/lab.festivalcapuchos.com\/en\/edicao-2022\/","title":{"rendered":"Edi\u00e7\u00e3o 2022"},"content":{"rendered":"<div data-elementor-type=\"wp-page\" data-elementor-id=\"11254\" class=\"elementor elementor-11254\" data-elementor-post-type=\"page\">\n\t\t\t\t\t\t<section class=\"elementor-section elementor-top-section elementor-element elementor-element-37ce1d9e elementor-section-boxed elementor-section-height-default elementor-section-height-default\" data-id=\"37ce1d9e\" data-element_type=\"section\" data-e-type=\"section\">\n\t\t\t\t\t\t<div class=\"elementor-container elementor-column-gap-default\">\n\t\t\t\t\t<div class=\"elementor-column elementor-col-100 elementor-top-column elementor-element elementor-element-7a74dd8d\" data-id=\"7a74dd8d\" data-element_type=\"column\" data-e-type=\"column\">\n\t\t\t<div class=\"elementor-widget-wrap elementor-element-populated\">\n\t\t\t\t\t\t<div class=\"elementor-element elementor-element-23c479d5 elementor-arrows-position-inside elementor-widget elementor-widget-image-carousel\" data-id=\"23c479d5\" data-element_type=\"widget\" data-e-type=\"widget\" data-settings=\"{&quot;slides_to_show&quot;:&quot;1&quot;,&quot;navigation&quot;:&quot;arrows&quot;,&quot;autoplay&quot;:&quot;yes&quot;,&quot;pause_on_hover&quot;:&quot;yes&quot;,&quot;pause_on_interaction&quot;:&quot;yes&quot;,&quot;autoplay_speed&quot;:5000,&quot;infinite&quot;:&quot;yes&quot;,&quot;effect&quot;:&quot;slide&quot;,&quot;speed&quot;:500}\" data-widget_type=\"image-carousel.default\">\n\t\t\t\t<div class=\"elementor-widget-container\">\n\t\t\t\t\t\t\t<div class=\"elementor-image-carousel-wrapper swiper\" role=\"region\" aria-roledescription=\"carousel\" aria-label=\"Image Carousel\" dir=\"ltr\">\n\t\t\t<div class=\"elementor-image-carousel swiper-wrapper\" aria-live=\"off\">\n\t\t\t\t\t\t\t\t<div class=\"swiper-slide\" role=\"group\" aria-roledescription=\"slide\" aria-label=\"1 of 10\"><figure class=\"swiper-slide-inner\"><img decoding=\"async\" class=\"swiper-slide-image\" src=\"https:\/\/lab.festivalcapuchos.com\/wp-content\/uploads\/2023\/03\/1_FestivalCauchos_Concerto_de_Encerramento_Beethoven_Fest_21_High_ML_60821-1536x1022.jpg\" alt=\"Foto: M\u00e1rio Lib\u00f3rio\" \/><figcaption class=\"elementor-image-carousel-caption\">Photo: M\u00e1rio Lib\u00f3rio<\/figcaption><\/figure><\/div><div class=\"swiper-slide\" role=\"group\" aria-roledescription=\"slide\" aria-label=\"2 of 10\"><figure class=\"swiper-slide-inner\"><img decoding=\"async\" class=\"swiper-slide-image\" src=\"https:\/\/lab.festivalcapuchos.com\/wp-content\/uploads\/2023\/03\/2_Festival_dos_Capuchos_2022_-_18_Junho_RM-29-1536x1026.jpg\" alt=\"Foto: Ricardo Mussa\" \/><figcaption class=\"elementor-image-carousel-caption\">Photo: Ricardo Mussa<\/figcaption><\/figure><\/div><div class=\"swiper-slide\" role=\"group\" aria-roledescription=\"slide\" aria-label=\"3 of 10\"><figure class=\"swiper-slide-inner\"><img decoding=\"async\" class=\"swiper-slide-image\" src=\"https:\/\/lab.festivalcapuchos.com\/wp-content\/uploads\/2023\/03\/3_preludio6415_ritacarmo-1536x1024.jpg\" alt=\"Foto: Rita Carmo\" \/><figcaption class=\"elementor-image-carousel-caption\">Photo: Rita Carmo<\/figcaption><\/figure><\/div><div class=\"swiper-slide\" role=\"group\" aria-roledescription=\"slide\" aria-label=\"4 of 10\"><figure class=\"swiper-slide-inner\"><img decoding=\"async\" class=\"swiper-slide-image\" src=\"https:\/\/lab.festivalcapuchos.com\/wp-content\/uploads\/2023\/03\/4_preludio6394_ritacarmo-1536x1024.jpg\" alt=\"Foto: Rita Carmo\" \/><figcaption class=\"elementor-image-carousel-caption\">Photo: Rita Carmo<\/figcaption><\/figure><\/div><div class=\"swiper-slide\" role=\"group\" aria-roledescription=\"slide\" aria-label=\"5 of 10\"><figure class=\"swiper-slide-inner\"><img decoding=\"async\" class=\"swiper-slide-image\" src=\"https:\/\/lab.festivalcapuchos.com\/wp-content\/uploads\/2023\/03\/5_ConversasCapuchos2_260622\u00a9Ricardo-Mussa-1536x1025.jpg\" alt=\"Foto: Ricardo Mussa\" \/><figcaption class=\"elementor-image-carousel-caption\">Photo: Ricardo Mussa<\/figcaption><\/figure><\/div><div class=\"swiper-slide\" role=\"group\" aria-roledescription=\"slide\" aria-label=\"6 of 10\"><figure class=\"swiper-slide-inner\"><img decoding=\"async\" class=\"swiper-slide-image\" src=\"https:\/\/lab.festivalcapuchos.com\/wp-content\/uploads\/2023\/03\/6_Tango-Fest250622\u00a9Ricardo-Mussa-1536x1025.jpg\" alt=\"Foto: Ricardo Mussa\" \/><figcaption class=\"elementor-image-carousel-caption\">Photo: Ricardo Mussa<\/figcaption><\/figure><\/div><div class=\"swiper-slide\" role=\"group\" aria-roledescription=\"slide\" aria-label=\"7 of 10\"><figure class=\"swiper-slide-inner\"><img decoding=\"async\" class=\"swiper-slide-image\" src=\"https:\/\/lab.festivalcapuchos.com\/wp-content\/uploads\/2023\/03\/7_AnnaTsybuleva010722\u00a9Rita-Carmo-1536x1024.jpg\" alt=\"Foto: Rita Carmo\" \/><figcaption class=\"elementor-image-carousel-caption\">Photo: Rita Carmo<\/figcaption><\/figure><\/div><div class=\"swiper-slide\" role=\"group\" aria-roledescription=\"slide\" aria-label=\"8 of 10\"><figure class=\"swiper-slide-inner\"><img decoding=\"async\" class=\"swiper-slide-image\" src=\"https:\/\/lab.festivalcapuchos.com\/wp-content\/uploads\/2023\/03\/8_FestivalCapuchos_Carta_Branca_a_Antonio_Wagner_Diniz_19_low_ML_60536-1536x1022.jpg\" alt=\"Foto: M\u00e1rio Lib\u00f3rio\" \/><figcaption class=\"elementor-image-carousel-caption\">Photo: M\u00e1rio Lib\u00f3rio<\/figcaption><\/figure><\/div><div class=\"swiper-slide\" role=\"group\" aria-roledescription=\"slide\" aria-label=\"9 of 10\"><figure class=\"swiper-slide-inner\"><img decoding=\"async\" class=\"swiper-slide-image\" src=\"https:\/\/lab.festivalcapuchos.com\/wp-content\/uploads\/2023\/03\/9_Festival_dos_Capuchos_2022_-_18_Junho_RM-10-1536x1026.jpg\" alt=\"Foto: Ricardo Mussa\" \/><figcaption class=\"elementor-image-carousel-caption\">Photo: Ricardo Mussa<\/figcaption><\/figure><\/div><div class=\"swiper-slide\" role=\"group\" aria-roledescription=\"slide\" aria-label=\"10 of 10\"><figure class=\"swiper-slide-inner\"><img decoding=\"async\" class=\"swiper-slide-image\" src=\"https:\/\/lab.festivalcapuchos.com\/wp-content\/uploads\/2023\/03\/10_conc_abertura6795_ritacarmo-1536x1024.jpg\" alt=\"Foto: Rita Carmo\" \/><figcaption class=\"elementor-image-carousel-caption\">Photo: Rita Carmo<\/figcaption><\/figure><\/div>\t\t\t<\/div>\n\t\t\t\t\t\t\t\t\t\t\t\t<div class=\"elementor-swiper-button elementor-swiper-button-prev\" role=\"button\" tabindex=\"0\">\n\t\t\t\t\t\t<svg aria-hidden=\"true\" class=\"e-font-icon-svg e-eicon-chevron-left\" viewbox=\"0 0 1000 1000\" xmlns=\"http:\/\/www.w3.org\/2000\/svg\"><path d=\"M646 125C629 125 613 133 604 142L308 442C296 454 292 471 292 487 292 504 296 521 308 533L604 854C617 867 629 875 646 875 663 875 679 871 692 858 704 846 713 829 713 812 713 796 708 779 692 767L438 487 692 225C700 217 708 204 708 187 708 171 704 154 692 142 675 129 663 125 646 125Z\"><\/path><\/svg>\t\t\t\t\t<\/div>\n\t\t\t\t\t<div class=\"elementor-swiper-button elementor-swiper-button-next\" role=\"button\" tabindex=\"0\">\n\t\t\t\t\t\t<svg aria-hidden=\"true\" class=\"e-font-icon-svg e-eicon-chevron-right\" viewbox=\"0 0 1000 1000\" xmlns=\"http:\/\/www.w3.org\/2000\/svg\"><path d=\"M696 533C708 521 713 504 713 487 713 471 708 454 696 446L400 146C388 133 375 125 354 125 338 125 325 129 313 142 300 154 292 171 292 187 292 204 296 221 308 233L563 492 304 771C292 783 288 800 288 817 288 833 296 850 308 863 321 871 338 875 354 875 371 875 388 867 400 854L696 533Z\"><\/path><\/svg>\t\t\t\t\t<\/div>\n\t\t\t\t\n\t\t\t\t\t\t\t\t\t<\/div>\n\t\t\t\t\t\t<\/div>\n\t\t\t\t<\/div>\n\t\t\t\t\t<\/div>\n\t\t<\/div>\n\t\t\t\t\t<\/div>\n\t\t<\/section>\n\t\t\t\t<section class=\"elementor-section elementor-top-section elementor-element elementor-element-22fba2eb elementor-section-boxed elementor-section-height-default elementor-section-height-default\" data-id=\"22fba2eb\" data-element_type=\"section\" data-e-type=\"section\" data-settings=\"{&quot;background_background&quot;:&quot;classic&quot;}\">\n\t\t\t\t\t\t<div class=\"elementor-container elementor-column-gap-default\">\n\t\t\t\t\t<div class=\"elementor-column elementor-col-25 elementor-top-column elementor-element elementor-element-39caf08a\" data-id=\"39caf08a\" data-element_type=\"column\" data-e-type=\"column\">\n\t\t\t<div class=\"elementor-widget-wrap\">\n\t\t\t\t\t\t\t<\/div>\n\t\t<\/div>\n\t\t\t\t<div class=\"elementor-column elementor-col-50 elementor-top-column elementor-element elementor-element-403ec9d\" data-id=\"403ec9d\" data-element_type=\"column\" data-e-type=\"column\">\n\t\t\t<div class=\"elementor-widget-wrap elementor-element-populated\">\n\t\t\t\t\t\t<div class=\"elementor-element elementor-element-4a64ed5a elementor-widget elementor-widget-text-editor\" data-id=\"4a64ed5a\" data-element_type=\"widget\" data-e-type=\"widget\" data-widget_type=\"text-editor.default\">\n\t\t\t\t<div class=\"elementor-widget-container\">\n\t\t\t\t\t\t\t\t\t<h2>2022 EDITION |\u00a0\u00a0<strong>16.06 &gt; 10.07.2022<\/strong><\/h2><div><p><a href=\"https:\/\/festivalcapuchos.com\/wp-content\/uploads\/2022\/06\/FMC_cat2022_.pdf\"><u>CATALOGUE\u00a0<\/u><\/a><\/p><p><span style=\"text-decoration: underline;\"><a href=\"https:\/\/festivalcapuchos.com\/wp-content\/uploads\/2023\/03\/FMC_cartaz2022.jpg\">POSTER<\/a><\/span><\/p><h6>16.06.2022<\/h6><p><span style=\"text-decoration: underline;\"><strong>Capuchos Prelude<br \/>Goldberg Variations 1<\/strong><\/span><br \/>Pierre Hanta\u00ef <em>Harpsichord<\/em><\/p><h6>17.06.2022<\/h6><p><span style=\"text-decoration: underline;\"><strong>Opening Concert<br \/>Classic Vienna<br \/><\/strong><\/span>Diana Tishchenko <em>Violin<\/em><br \/>Victor Julien-Laferri\u00e8re <em>Cello and Direction<\/em><br \/>Vienna Chamber Orchestra<\/p><h6>18.06.2022<\/h6><p><span style=\"text-decoration: underline;\"><strong>Mozart Fest<br \/><\/strong><strong>Vienna Chamber Orchestra<\/strong><\/span><br \/>Filipe Pinto-Ribeiro <em>Piano<\/em><br \/>Diana Tishchenko <em>Violin<\/em><br \/>G\u00e9rard Causs\u00e9 <em>Viola<\/em><br \/>Vienna Chamber Orchestra<\/p><h6>19.06.2022<\/h6><p><span style=\"text-decoration: underline;\"><strong>\u201cBonsoir Monsieur Proust\u201d<br \/>Debussy, Faur\u00e9, Franck, Hahn<\/strong><\/span><br \/>Diana Tishchenko <em>Violin<\/em><br \/>G\u00e9rard Causs\u00e9 <em>Viola<\/em><br \/>Filipe Pinto-Ribeiro <em>Piano<\/em><br \/>DSCH \u2013 Shostakovich Ensemble<\/p><h6>24.06.2022<\/h6><p><span style=\"text-decoration: underline;\"><strong>Capuchos Interlude<br \/>Goldberg Variations 2<\/strong><\/span><br \/>Konstantin Lifschitz <em>Piano<\/em><\/p><h6>25.06.2022<\/h6><p><span style=\"text-decoration: underline;\"><strong>Tango Fest<\/strong><\/span><br \/><span style=\"text-decoration: underline;\"><strong>H\u00e9ctor del Curto &amp; Friends<\/strong><\/span><br \/>H\u00e9ctor del Curto <em>Bandone\u00f3n<\/em><br \/>David Castro-Balbi <em>Violin<\/em><br \/>Jisoo Ok <em>Cello<\/em><br \/>Tiago Pinto-Ribeiro <em>Double Bass<\/em><br \/>Rosa Maria Barrantes <em>Piano<\/em><br \/>Santiago del Curto <em>Clarinet<\/em><\/p><h6>26.06.2022<\/h6><p><span style=\"text-decoration: underline;\"><strong>Concert Schubertiad<\/strong><\/span><br \/><span style=\"text-decoration: underline;\"><strong>Chamber Music<\/strong><\/span><br \/>David Castro-Balbi <em>Violin<\/em><br \/>Isabel Villanueva <em>Viola<\/em><br \/>Jisoo Ok <em>Cello<\/em><br \/>Tiago Pinto-Ribeiro <em>Double Bass<\/em><br \/>Filipe Pinto-Ribeiro <em>Piano<\/em><\/p><h6>01.07.2022<\/h6><p><span style=\"text-decoration: underline;\"><strong>Schumann &amp; Chopin <\/strong><\/span><br \/><span style=\"text-decoration: underline;\"><strong>Piano Recital<\/strong><\/span><br \/>Anna Tsybuleva <em>Piano<\/em><\/p><h6>02.07.2022<\/h6><p><span style=\"text-decoration: underline;\"><strong>Lopes-Gra\u00e7a's Songs<\/strong><\/span><br \/><span style=\"text-decoration: underline;\"><strong>Roots 1<\/strong><\/span><br \/>Susana Gaspar <em>Soprano<\/em><br \/>Nuno Vieira de Almeida <em>Piano<\/em><\/p><p><span style=\"text-decoration: underline;\"><strong>Galandum Galundaina<\/strong><\/span><br \/><span style=\"text-decoration: underline;\"><strong>Roots 2<br \/><\/strong><\/span>Paulo Preto <em>Voz, sanfona, gaita de fole mirandesa, dul\u00e7aina, flauta pastoril, tamboril<\/em><br \/>Paulo Meirinhos <em>Voz, rabel, gaita de fole mirandesa, realejo, pandeireta, pandeiro mirand\u00eas<\/em><br \/>Alexandre Meirinhos <em>Voz, caixa de guerra, bombo, pandeireta, pandeiro mirand\u00eas, c\u00e2ntaro<\/em><br \/>Jo\u00e3o Pratas <em>Voz, flauta pastoril, flauta de osso, tamboril, salt\u00e9rio, flauta transversal, charrascas<\/em><\/p><h6>03.07.2022<\/h6><p><span style=\"text-decoration: underline;\"><strong>Love and tragedy in Cam\u00f5es\u2019s Journeys<\/strong><\/span><br \/><span style=\"text-decoration: underline;\"><strong>Tin-Nam-Men or Patane\u2019s Grotto<\/strong><\/span><br \/>Sete L\u00e1grimas<br \/>Filipe Faria e S\u00e9rgio Peixoto<em> Artistic Direction<\/em><br \/>Filipe Faria <em>Vocals<\/em><br \/>S\u00e9rgio Peixoto <em>Vocals<\/em><br \/>Pedro Castro <em>Flautas e Obo\u00e9 Barroco<\/em><br \/>Tiago Matias <em>Ala\u00fade, Guitarra Barroca, Tiorba<\/em><br \/>M\u00e1rio Franco <em>Double Bass<\/em><br \/>Baltazar Molina <em>Percussion<\/em><\/p><h6>08.07.2022<\/h6><p><span style=\"text-decoration: underline;\"><strong>\u201cCarta Branca a Ant\u00f3nio Wagner Diniz\u201d<\/strong><\/span><br \/><span style=\"text-decoration: underline;\"><strong>Artur Santos, Lopes-Gra\u00e7a, Faur\u00e9, Debussy, Satie, Poulenc<\/strong><\/span><br \/>Laura Martins <em>Soprano<\/em><br \/>Rita Filipe <em>Mezzo Soprano<\/em><br \/>Diogo Chaves <em>Baritone<\/em><br \/>Frederico Pais <em>Baritone<\/em><br \/>Francisco Ribeiro <em>Bass-baritone<\/em><br \/>Pedro Vieira de Almeida <em>Piano<\/em><br \/>Filipa Soares <em>Piano<\/em><br \/>Ant\u00f3nio Wagner Diniz <em>Narrator<\/em><\/p><h6>09.07.2022<\/h6><p><span style=\"text-decoration: underline;\"><strong>Closing Concert<\/strong><\/span><br \/><span style=\"text-decoration: underline;\"><strong>Beethoven Fest<br \/><\/strong><\/span>Anna Samuil <em>Soprano<\/em><br \/>Alexi Kenney <em>Violin<\/em><br \/>Adrian Brendel <em>Cello<\/em><br \/>Filipe Pinto-Ribeiro <em>Piano<\/em><br \/>Orquestra Gulbenkian<br \/>Claudio Vandelli <em>Conductor<\/em><\/p><h6>10.07.2022<\/h6><p><span style=\"text-decoration: underline;\"><strong>Capuchos Postlude<\/strong><\/span><br \/><span style=\"text-decoration: underline;\"><strong>Goldberg Variations 3<\/strong><\/span><br \/>Alexi Kenney <em>Violin<\/em><br \/>Lars Anders Tomter <em>Viola<\/em><br \/>Adrian Brendel <em>Cello<\/em><br \/>DSCH \u2013 Shostakovich Ensemble<\/p><\/div>\t\t\t\t\t\t\t\t<\/div>\n\t\t\t\t<\/div>\n\t\t\t\t\t<\/div>\n\t\t<\/div>\n\t\t\t\t<div class=\"elementor-column elementor-col-25 elementor-top-column elementor-element elementor-element-71dacfec\" data-id=\"71dacfec\" data-element_type=\"column\" data-e-type=\"column\">\n\t\t\t<div class=\"elementor-widget-wrap\">\n\t\t\t\t\t\t\t<\/div>\n\t\t<\/div>\n\t\t\t\t\t<\/div>\n\t\t<\/section>\n\t\t\t\t<\/div>","protected":false},"excerpt":{"rendered":"<p>Foto: M\u00e1rio Lib\u00f3rio Foto: Ricardo Mussa Foto: Rita Carmo Foto: Rita Carmo Foto: Ricardo Mussa Foto: Ricardo Mussa Foto: Rita Carmo Foto: M\u00e1rio Lib\u00f3rio Foto: Ricardo Mussa Foto: Rita Carmo EDI\u00c7\u00c3O 2022 \u00a0|\u00a0\u00a016.06 &gt; 10.07.2022 CAT\u00c1LOGO\u00a0 CARTAZ 16.06.2022 Prel\u00fadio dos CapuchosVaria\u00e7\u00f5es Goldberg 1Pierre Hanta\u00ef Cravo 17.06.2022 Concerto de AberturaViena Cl\u00e1ssicaDiana Tishchenko ViolinoVictor Julien-Laferri\u00e8re Violoncelo e [&hellip;]<\/p>\n","protected":false},"author":5,"featured_media":0,"parent":0,"menu_order":0,"comment_status":"closed","ping_status":"closed","template":"","meta":{"_acf_changed":false,"ocean_post_layout":"","ocean_both_sidebars_style":"","ocean_both_sidebars_content_width":0,"ocean_both_sidebars_sidebars_width":0,"ocean_sidebar":"0","ocean_second_sidebar":"0","ocean_disable_margins":"enable","ocean_add_body_class":"","ocean_shortcode_before_top_bar":"","ocean_shortcode_after_top_bar":"","ocean_shortcode_before_header":"","ocean_shortcode_after_header":"","ocean_has_shortcode":"","ocean_shortcode_after_title":"","ocean_shortcode_before_footer_widgets":"","ocean_shortcode_after_footer_widgets":"","ocean_shortcode_before_footer_bottom":"","ocean_shortcode_after_footer_bottom":"","ocean_display_top_bar":"default","ocean_display_header":"default","ocean_header_style":"","ocean_center_header_left_menu":"0","ocean_custom_header_template":"0","ocean_custom_logo":0,"ocean_custom_retina_logo":0,"ocean_custom_logo_max_width":0,"ocean_custom_logo_tablet_max_width":0,"ocean_custom_logo_mobile_max_width":0,"ocean_custom_logo_max_height":0,"ocean_custom_logo_tablet_max_height":0,"ocean_custom_logo_mobile_max_height":0,"ocean_header_custom_menu":"0","ocean_menu_typo_font_family":"0","ocean_menu_typo_font_subset":"","ocean_menu_typo_font_size":0,"ocean_menu_typo_font_size_tablet":0,"ocean_menu_typo_font_size_mobile":0,"ocean_menu_typo_font_size_unit":"px","ocean_menu_typo_font_weight":"","ocean_menu_typo_font_weight_tablet":"","ocean_menu_typo_font_weight_mobile":"","ocean_menu_typo_transform":"","ocean_menu_typo_transform_tablet":"","ocean_menu_typo_transform_mobile":"","ocean_menu_typo_line_height":0,"ocean_menu_typo_line_height_tablet":0,"ocean_menu_typo_line_height_mobile":0,"ocean_menu_typo_line_height_unit":"","ocean_menu_typo_spacing":0,"ocean_menu_typo_spacing_tablet":0,"ocean_menu_typo_spacing_mobile":0,"ocean_menu_typo_spacing_unit":"","ocean_menu_link_color":"","ocean_menu_link_color_hover":"","ocean_menu_link_color_active":"","ocean_menu_link_background":"","ocean_menu_link_hover_background":"","ocean_menu_link_active_background":"","ocean_menu_social_links_bg":"","ocean_menu_social_hover_links_bg":"","ocean_menu_social_links_color":"","ocean_menu_social_hover_links_color":"","ocean_disable_title":"default","ocean_disable_heading":"default","ocean_post_title":"","ocean_post_subheading":"","ocean_post_title_style":"","ocean_post_title_background_color":"","ocean_post_title_background":0,"ocean_post_title_bg_image_position":"","ocean_post_title_bg_image_attachment":"","ocean_post_title_bg_image_repeat":"","ocean_post_title_bg_image_size":"","ocean_post_title_height":0,"ocean_post_title_bg_overlay":0.5,"ocean_post_title_bg_overlay_color":"","ocean_disable_breadcrumbs":"default","ocean_breadcrumbs_color":"","ocean_breadcrumbs_separator_color":"","ocean_breadcrumbs_links_color":"","ocean_breadcrumbs_links_hover_color":"","ocean_display_footer_widgets":"default","ocean_display_footer_bottom":"default","ocean_custom_footer_template":"0","footnotes":""},"class_list":["post-11254","page","type-page","status-publish","hentry","entry"],"acf":[],"aioseo_notices":[],"_links":{"self":[{"href":"https:\/\/lab.festivalcapuchos.com\/en\/wp-json\/wp\/v2\/pages\/11254","targetHints":{"allow":["GET"]}}],"collection":[{"href":"https:\/\/lab.festivalcapuchos.com\/en\/wp-json\/wp\/v2\/pages"}],"about":[{"href":"https:\/\/lab.festivalcapuchos.com\/en\/wp-json\/wp\/v2\/types\/page"}],"author":[{"embeddable":true,"href":"https:\/\/lab.festivalcapuchos.com\/en\/wp-json\/wp\/v2\/users\/5"}],"replies":[{"embeddable":true,"href":"https:\/\/lab.festivalcapuchos.com\/en\/wp-json\/wp\/v2\/comments?post=11254"}],"version-history":[{"count":0,"href":"https:\/\/lab.festivalcapuchos.com\/en\/wp-json\/wp\/v2\/pages\/11254\/revisions"}],"wp:attachment":[{"href":"https:\/\/lab.festivalcapuchos.com\/en\/wp-json\/wp\/v2\/media?parent=11254"}],"curies":[{"name":"wp","href":"https:\/\/api.w.org\/{rel}","templated":true}]}}