{"id":11355,"date":"2023-03-16T01:00:24","date_gmt":"2023-03-16T01:00:24","guid":{"rendered":"https:\/\/festivalcapuchos.com\/?page_id=11355"},"modified":"2024-04-14T11:19:25","modified_gmt":"2024-04-14T10:19:25","slug":"preludios-masterclasses-caminhada_2023","status":"publish","type":"page","link":"https:\/\/lab.festivalcapuchos.com\/en\/preludios-masterclasses-caminhada_2023\/","title":{"rendered":"Prel\u00fadios, Masterclasses, Caminhada_2023"},"content":{"rendered":"<div data-elementor-type=\"wp-page\" data-elementor-id=\"11355\" class=\"elementor elementor-11355\" data-elementor-post-type=\"page\">\n\t\t\t\t\t\t<section class=\"elementor-section elementor-top-section elementor-element elementor-element-2726f51 elementor-section-full_width elementor-section-height-default elementor-section-height-default\" data-id=\"2726f51\" data-element_type=\"section\" data-e-type=\"section\" data-settings=\"{&quot;background_background&quot;:&quot;classic&quot;}\">\n\t\t\t\t\t\t<div class=\"elementor-container elementor-column-gap-no\">\n\t\t\t\t\t<div class=\"elementor-column elementor-col-100 elementor-top-column elementor-element elementor-element-bafafb5\" data-id=\"bafafb5\" data-element_type=\"column\" data-e-type=\"column\">\n\t\t\t<div class=\"elementor-widget-wrap elementor-element-populated\">\n\t\t\t\t\t\t<div class=\"elementor-element elementor-element-975ee62 elementor-widget elementor-widget-heading\" data-id=\"975ee62\" data-element_type=\"widget\" data-e-type=\"widget\" data-widget_type=\"heading.default\">\n\t\t\t\t<div class=\"elementor-widget-container\">\n\t\t\t\t\t<h2 class=\"elementor-heading-title elementor-size-default\">2023 Edition<\/h2>\t\t\t\t<\/div>\n\t\t\t\t<\/div>\n\t\t\t\t<div class=\"elementor-element elementor-element-3b76f4d elementor-widget elementor-widget-image\" data-id=\"3b76f4d\" data-element_type=\"widget\" data-e-type=\"widget\" data-widget_type=\"image.default\">\n\t\t\t\t<div class=\"elementor-widget-container\">\n\t\t\t\t\t\t\t\t\t\t\t\t\t\t\t<img fetchpriority=\"high\" decoding=\"async\" width=\"2000\" height=\"400\" src=\"https:\/\/lab.festivalcapuchos.com\/wp-content\/uploads\/2023\/03\/banner-home3.png\" class=\"attachment-full size-full wp-image-11300\" alt=\"\" srcset=\"https:\/\/lab.festivalcapuchos.com\/wp-content\/uploads\/2023\/03\/banner-home3.png 2000w, https:\/\/lab.festivalcapuchos.com\/wp-content\/uploads\/2023\/03\/banner-home3-300x60.png 300w, https:\/\/lab.festivalcapuchos.com\/wp-content\/uploads\/2023\/03\/banner-home3-1024x205.png 1024w, https:\/\/lab.festivalcapuchos.com\/wp-content\/uploads\/2023\/03\/banner-home3-768x154.png 768w, https:\/\/lab.festivalcapuchos.com\/wp-content\/uploads\/2023\/03\/banner-home3-1536x307.png 1536w, https:\/\/lab.festivalcapuchos.com\/wp-content\/uploads\/2023\/03\/banner-home3-18x4.png 18w\" sizes=\"(max-width: 2000px) 100vw, 2000px\" \/>\t\t\t\t\t\t\t\t\t\t\t\t\t\t\t<\/div>\n\t\t\t\t<\/div>\n\t\t\t\t\t<\/div>\n\t\t<\/div>\n\t\t\t\t\t<\/div>\n\t\t<\/section>\n\t\t\t\t<section class=\"elementor-section elementor-top-section elementor-element elementor-element-3fec17a4 elementor-section-boxed elementor-section-height-default elementor-section-height-default\" data-id=\"3fec17a4\" data-element_type=\"section\" data-e-type=\"section\">\n\t\t\t\t\t\t<div class=\"elementor-container elementor-column-gap-default\">\n\t\t\t\t\t\t<\/div>\n\t\t<\/section>\n\t\t\t\t<section class=\"elementor-section elementor-top-section elementor-element elementor-element-43302b7 elementor-section-boxed elementor-section-height-default elementor-section-height-default\" data-id=\"43302b7\" data-element_type=\"section\" data-e-type=\"section\">\n\t\t\t\t\t\t<div class=\"elementor-container elementor-column-gap-default\">\n\t\t\t\t\t\t<\/div>\n\t\t<\/section>\n\t\t\t\t<section class=\"elementor-section elementor-top-section elementor-element elementor-element-1c9f0a8f elementor-section-boxed elementor-section-height-default elementor-section-height-default\" data-id=\"1c9f0a8f\" data-element_type=\"section\" data-e-type=\"section\">\n\t\t\t\t\t\t<div class=\"elementor-container elementor-column-gap-default\">\n\t\t\t\t\t\t<\/div>\n\t\t<\/section>\n\t\t\t\t<section class=\"elementor-section elementor-top-section elementor-element elementor-element-484b0d06 elementor-section-boxed elementor-section-height-default elementor-section-height-default\" data-id=\"484b0d06\" data-element_type=\"section\" data-e-type=\"section\">\n\t\t\t\t\t\t<div class=\"elementor-container elementor-column-gap-default\">\n\t\t\t\t\t\t<\/div>\n\t\t<\/section>\n\t\t\t\t<section class=\"elementor-section elementor-top-section elementor-element elementor-element-45d9fd30 elementor-section-boxed elementor-section-height-default elementor-section-height-default\" data-id=\"45d9fd30\" data-element_type=\"section\" data-e-type=\"section\" data-settings=\"{&quot;background_background&quot;:&quot;classic&quot;}\">\n\t\t\t\t\t\t<div class=\"elementor-container elementor-column-gap-default\">\n\t\t\t\t\t<div class=\"elementor-column elementor-col-25 elementor-top-column elementor-element elementor-element-de81026\" data-id=\"de81026\" data-element_type=\"column\" data-e-type=\"column\">\n\t\t\t<div class=\"elementor-widget-wrap\">\n\t\t\t\t\t\t\t<\/div>\n\t\t<\/div>\n\t\t\t\t<div class=\"elementor-column elementor-col-50 elementor-top-column elementor-element elementor-element-2d790566\" data-id=\"2d790566\" data-element_type=\"column\" data-e-type=\"column\">\n\t\t\t<div class=\"elementor-widget-wrap elementor-element-populated\">\n\t\t\t\t\t\t<div class=\"elementor-element elementor-element-6c055873 elementor-widget elementor-widget-text-editor\" data-id=\"6c055873\" data-element_type=\"widget\" data-e-type=\"widget\" data-widget_type=\"text-editor.default\">\n\t\t\t\t<div class=\"elementor-widget-container\">\n\t\t\t\t\t\t\t\t\t<h2>::CAPUCHOS PRELUDES::<\/h2><h1><strong>May 27 Saturday 6:00pm<\/strong><\/h1><h3>Teatro Municipal Joaquim Benite<\/h3><h5><strong>Capuchos Prelude 1<\/strong><\/h5><div><em>On the 4 Seasons, from Vivaldi to the 21st century<\/em><br \/>Pre-concert talk with Jo\u00e3o Almeida and Filipe Pinto-Ribeiro<\/div><div>\u00a0<\/div><div>\u00a0<\/div><div><h1><strong>June 03 Saturday 6:00pm<\/strong><\/h1><h3>Teatro Municipal Joaquim Benite<\/h3><h5><strong>Capuchos Prelude 2<\/strong><\/h5><div><em>about Astor Piazzolla and his Poet, Horacio Ferrer<\/em><br \/>Pre-concert talk with Jo\u00e3o Almeida and Ana Karina Rossi<\/div><div>\u00a0<\/div><div>\u00a0<\/div><\/div><div><h1><strong>June 18 Sunday 4:00pm<\/strong><\/h1><h3>Teatro Municipal Joaquim Benite<\/h3><h5><strong>Capuchos Prelude 3<\/strong><\/h5><div><em>About Philip Glass and the minimalism<\/em><br \/>Pre-concert talk with Jo\u00e3o Almeida and Nuno Galopim<\/div><\/div><div>\u00a0<\/div><div>\u00a0<\/div><h2>::Capuchos' Walk::<\/h2><h1><strong>June 03 Saturday 10:00am<\/strong><\/h1><p>Where: Convento dos Capuchos<\/p><p><em>Capuchos Protected Landscape - Fauna, flora and geology around the Convent<\/em><br \/>Estimated time: 2 hours<br \/>Distance: 2 km<\/p><p>As part of the Protected Landscape of the Costa da Caparica's Fossil Cliff, the surroundings of Convento dos Capuchos have important natural resources which should be known and valued. Take part in a guided tour with specialized staff and discover the fauna, flora and geology not only in the Convent Gardens, but also in the Capuchinos Viewpoint, the Lands of the Coast and the fossil cliff.<\/p><p>Free email subscription: <a href=\"mailto:info@festivalcapuchos.cominfo@festivalcapuchos.com\">info@festivalcapuchos.com<\/a><\/p><h2>\u00a0<\/h2><h2>::Capuchos' Visit::<\/h2><h1><strong>June 17 Saturday 4:30pm<\/strong><\/h1><p>Where: Convento dos Capuchos<\/p><p>Cultural visit to the historical heritage of the Convento dos Capuchos by the historian Rui Mendes<br \/>Duration: 1 hour<\/p><p>Free email subscription: <a href=\"mailto:info@festivalcapuchos.com\">info@festivalcapuchos.com<\/a><\/p><h2>\u00a0<\/h2><h2>::Capuchos Masterclasses::<\/h2><h1><strong>23 JUNHO 6\u00aa Feira 10h00<\/strong><\/h1><p>Where: Convento dos Capuchos<\/p><p><span style=\"text-decoration: underline;\"><strong>\u2022 Violin:<\/strong><\/span> with <a href=\"https:\/\/festivalcapuchos.com\/esther-hoppe\/\">Esther Hoppe<\/a> Professor at the University Mozarteum in Salzburg<\/p><p><strong><span style=\"text-decoration: underline;\">\u2022 Cello:<\/span><\/strong> with <a href=\"https:\/\/festivalcapuchos.com\/christian-poltera\/\">Christian Polt\u00e9ra<\/a> Professor at Lucern University<\/p><p><span style=\"text-decoration: underline;\"><strong>\u2022 Clarinet:<\/strong><\/span> with <a href=\"https:\/\/festivalcapuchos.com\/pascal-moragues\/\">Pascal Moragu\u00e8s<\/a> Professor at Conservatoire National Sup\u00e9rieur de Musique de Paris<\/p>\t\t\t\t\t\t\t\t<\/div>\n\t\t\t\t<\/div>\n\t\t\t\t\t<\/div>\n\t\t<\/div>\n\t\t\t\t<div class=\"elementor-column elementor-col-25 elementor-top-column elementor-element elementor-element-3d9b9e81\" data-id=\"3d9b9e81\" data-element_type=\"column\" data-e-type=\"column\">\n\t\t\t<div class=\"elementor-widget-wrap\">\n\t\t\t\t\t\t\t<\/div>\n\t\t<\/div>\n\t\t\t\t\t<\/div>\n\t\t<\/section>\n\t\t\t\t<section class=\"elementor-section elementor-top-section elementor-element elementor-element-643eab1 elementor-section-boxed elementor-section-height-default elementor-section-height-default\" data-id=\"643eab1\" data-element_type=\"section\" data-e-type=\"section\" data-settings=\"{&quot;background_background&quot;:&quot;classic&quot;}\">\n\t\t\t\t\t\t<div class=\"elementor-container elementor-column-gap-default\">\n\t\t\t\t\t<div class=\"elementor-column elementor-col-100 elementor-top-column elementor-element elementor-element-b3e080d\" data-id=\"b3e080d\" data-element_type=\"column\" data-e-type=\"column\">\n\t\t\t<div class=\"elementor-widget-wrap elementor-element-populated\">\n\t\t\t\t\t\t<div class=\"elementor-element elementor-element-3768e92 elementor-widget elementor-widget-spacer\" data-id=\"3768e92\" data-element_type=\"widget\" data-e-type=\"widget\" data-widget_type=\"spacer.default\">\n\t\t\t\t<div class=\"elementor-widget-container\">\n\t\t\t\t\t\t\t<div class=\"elementor-spacer\">\n\t\t\t<div class=\"elementor-spacer-inner\"><\/div>\n\t\t<\/div>\n\t\t\t\t\t\t<\/div>\n\t\t\t\t<\/div>\n\t\t\t\t\t<\/div>\n\t\t<\/div>\n\t\t\t\t\t<\/div>\n\t\t<\/section>\n\t\t\t\t<\/div>","protected":false},"excerpt":{"rendered":"<p>Edi\u00e7\u00e3o 2023 ::PREL\u00daDIOS DOS CAPUCHOS:: 27 MAIO S\u00e1bado 18h00 Teatro Municipal Joaquim Benite Prel\u00fadio dos Capuchos 1 Sobre as 4 Esta\u00e7\u00f5es, de Vivaldi ao s\u00e9culo XXIConversa pr\u00e9-concerto com Jo\u00e3o Almeida e Filipe Pinto-Ribeiro\u00a0\u00a0 03 JUNHO S\u00e1bado 18h00 Teatro Municipal Joaquim Benite Prel\u00fadio dos Capuchos 2 Sobre Astor Piazzolla e o seu poeta, Horacio FerrerConversa pr\u00e9-concerto [&hellip;]<\/p>\n","protected":false},"author":5,"featured_media":0,"parent":0,"menu_order":0,"comment_status":"closed","ping_status":"closed","template":"","meta":{"_acf_changed":false,"ocean_post_layout":"","ocean_both_sidebars_style":"","ocean_both_sidebars_content_width":0,"ocean_both_sidebars_sidebars_width":0,"ocean_sidebar":"0","ocean_second_sidebar":"0","ocean_disable_margins":"enable","ocean_add_body_class":"","ocean_shortcode_before_top_bar":"","ocean_shortcode_after_top_bar":"","ocean_shortcode_before_header":"","ocean_shortcode_after_header":"","ocean_has_shortcode":"","ocean_shortcode_after_title":"","ocean_shortcode_before_footer_widgets":"","ocean_shortcode_after_footer_widgets":"","ocean_shortcode_before_footer_bottom":"","ocean_shortcode_after_footer_bottom":"","ocean_display_top_bar":"default","ocean_display_header":"default","ocean_header_style":"","ocean_center_header_left_menu":"0","ocean_custom_header_template":"0","ocean_custom_logo":0,"ocean_custom_retina_logo":0,"ocean_custom_logo_max_width":0,"ocean_custom_logo_tablet_max_width":0,"ocean_custom_logo_mobile_max_width":0,"ocean_custom_logo_max_height":0,"ocean_custom_logo_tablet_max_height":0,"ocean_custom_logo_mobile_max_height":0,"ocean_header_custom_menu":"0","ocean_menu_typo_font_family":"0","ocean_menu_typo_font_subset":"","ocean_menu_typo_font_size":0,"ocean_menu_typo_font_size_tablet":0,"ocean_menu_typo_font_size_mobile":0,"ocean_menu_typo_font_size_unit":"px","ocean_menu_typo_font_weight":"","ocean_menu_typo_font_weight_tablet":"","ocean_menu_typo_font_weight_mobile":"","ocean_menu_typo_transform":"","ocean_menu_typo_transform_tablet":"","ocean_menu_typo_transform_mobile":"","ocean_menu_typo_line_height":0,"ocean_menu_typo_line_height_tablet":0,"ocean_menu_typo_line_height_mobile":0,"ocean_menu_typo_line_height_unit":"","ocean_menu_typo_spacing":0,"ocean_menu_typo_spacing_tablet":0,"ocean_menu_typo_spacing_mobile":0,"ocean_menu_typo_spacing_unit":"","ocean_menu_link_color":"","ocean_menu_link_color_hover":"","ocean_menu_link_color_active":"","ocean_menu_link_background":"","ocean_menu_link_hover_background":"","ocean_menu_link_active_background":"","ocean_menu_social_links_bg":"","ocean_menu_social_hover_links_bg":"","ocean_menu_social_links_color":"","ocean_menu_social_hover_links_color":"","ocean_disable_title":"default","ocean_disable_heading":"default","ocean_post_title":"","ocean_post_subheading":"","ocean_post_title_style":"","ocean_post_title_background_color":"","ocean_post_title_background":0,"ocean_post_title_bg_image_position":"","ocean_post_title_bg_image_attachment":"","ocean_post_title_bg_image_repeat":"","ocean_post_title_bg_image_size":"","ocean_post_title_height":0,"ocean_post_title_bg_overlay":0.5,"ocean_post_title_bg_overlay_color":"","ocean_disable_breadcrumbs":"default","ocean_breadcrumbs_color":"","ocean_breadcrumbs_separator_color":"","ocean_breadcrumbs_links_color":"","ocean_breadcrumbs_links_hover_color":"","ocean_display_footer_widgets":"default","ocean_display_footer_bottom":"default","ocean_custom_footer_template":"0","footnotes":""},"class_list":["post-11355","page","type-page","status-publish","hentry","entry"],"acf":[],"aioseo_notices":[],"_links":{"self":[{"href":"https:\/\/lab.festivalcapuchos.com\/en\/wp-json\/wp\/v2\/pages\/11355","targetHints":{"allow":["GET"]}}],"collection":[{"href":"https:\/\/lab.festivalcapuchos.com\/en\/wp-json\/wp\/v2\/pages"}],"about":[{"href":"https:\/\/lab.festivalcapuchos.com\/en\/wp-json\/wp\/v2\/types\/page"}],"author":[{"embeddable":true,"href":"https:\/\/lab.festivalcapuchos.com\/en\/wp-json\/wp\/v2\/users\/5"}],"replies":[{"embeddable":true,"href":"https:\/\/lab.festivalcapuchos.com\/en\/wp-json\/wp\/v2\/comments?post=11355"}],"version-history":[{"count":3,"href":"https:\/\/lab.festivalcapuchos.com\/en\/wp-json\/wp\/v2\/pages\/11355\/revisions"}],"predecessor-version":[{"id":15616,"href":"https:\/\/lab.festivalcapuchos.com\/en\/wp-json\/wp\/v2\/pages\/11355\/revisions\/15616"}],"wp:attachment":[{"href":"https:\/\/lab.festivalcapuchos.com\/en\/wp-json\/wp\/v2\/media?parent=11355"}],"curies":[{"name":"wp","href":"https:\/\/api.w.org\/{rel}","templated":true}]}}