{"id":8692,"date":"2023-03-13T22:52:02","date_gmt":"2023-03-13T22:52:02","guid":{"rendered":"https:\/\/festivalcapuchos.com\/?page_id=8692"},"modified":"2024-03-05T21:20:08","modified_gmt":"2024-03-05T21:20:08","slug":"edicao-2021","status":"publish","type":"page","link":"https:\/\/lab.festivalcapuchos.com\/en\/edicao-2021\/","title":{"rendered":"Edi\u00e7\u00e3o 2021"},"content":{"rendered":"<div data-elementor-type=\"wp-page\" data-elementor-id=\"8692\" class=\"elementor elementor-8692\" data-elementor-post-type=\"page\">\n\t\t\t\t\t\t<section class=\"elementor-section elementor-top-section elementor-element elementor-element-d2e7e9 elementor-section-boxed elementor-section-height-default elementor-section-height-default\" data-id=\"d2e7e9\" data-element_type=\"section\" data-e-type=\"section\">\n\t\t\t\t\t\t<div class=\"elementor-container elementor-column-gap-default\">\n\t\t\t\t\t\t<\/div>\n\t\t<\/section>\n\t\t\t\t<section class=\"elementor-section elementor-top-section elementor-element elementor-element-7831d02a elementor-section-boxed elementor-section-height-default elementor-section-height-default\" data-id=\"7831d02a\" data-element_type=\"section\" data-e-type=\"section\">\n\t\t\t\t\t\t<div class=\"elementor-container elementor-column-gap-default\">\n\t\t\t\t\t<div class=\"elementor-column elementor-col-100 elementor-top-column elementor-element elementor-element-256d8a0c\" data-id=\"256d8a0c\" data-element_type=\"column\" data-e-type=\"column\">\n\t\t\t<div class=\"elementor-widget-wrap elementor-element-populated\">\n\t\t\t\t\t\t<div class=\"elementor-element elementor-element-58f3d846 elementor-arrows-position-inside elementor-widget elementor-widget-image-carousel\" data-id=\"58f3d846\" data-element_type=\"widget\" data-e-type=\"widget\" data-settings=\"{&quot;slides_to_show&quot;:&quot;1&quot;,&quot;navigation&quot;:&quot;arrows&quot;,&quot;autoplay&quot;:&quot;yes&quot;,&quot;pause_on_hover&quot;:&quot;yes&quot;,&quot;pause_on_interaction&quot;:&quot;yes&quot;,&quot;autoplay_speed&quot;:5000,&quot;infinite&quot;:&quot;yes&quot;,&quot;effect&quot;:&quot;slide&quot;,&quot;speed&quot;:500}\" data-widget_type=\"image-carousel.default\">\n\t\t\t\t<div class=\"elementor-widget-container\">\n\t\t\t\t\t\t\t<div class=\"elementor-image-carousel-wrapper swiper\" role=\"region\" aria-roledescription=\"carousel\" aria-label=\"Image Carousel\" dir=\"ltr\">\n\t\t\t<div class=\"elementor-image-carousel swiper-wrapper\" aria-live=\"off\">\n\t\t\t\t\t\t\t\t<div class=\"swiper-slide\" role=\"group\" aria-roledescription=\"slide\" aria-label=\"1 of 10\"><figure class=\"swiper-slide-inner\"><img decoding=\"async\" class=\"swiper-slide-image\" src=\"https:\/\/lab.festivalcapuchos.com\/wp-content\/uploads\/2022\/05\/1_fmc21-1024x683.jpg\" alt=\"Foto: Rita Carmo\" \/><figcaption class=\"elementor-image-carousel-caption\">Photo: Rita Carmo<\/figcaption><\/figure><\/div><div class=\"swiper-slide\" role=\"group\" aria-roledescription=\"slide\" aria-label=\"2 of 10\"><figure class=\"swiper-slide-inner\"><img decoding=\"async\" class=\"swiper-slide-image\" src=\"https:\/\/lab.festivalcapuchos.com\/wp-content\/uploads\/2022\/05\/2_fmc21-1024x683.jpg\" alt=\"Foto: Rita Carmo\" \/><figcaption class=\"elementor-image-carousel-caption\">Photo: Rita Carmo<\/figcaption><\/figure><\/div><div class=\"swiper-slide\" role=\"group\" aria-roledescription=\"slide\" aria-label=\"3 of 10\"><figure class=\"swiper-slide-inner\"><img decoding=\"async\" class=\"swiper-slide-image\" src=\"https:\/\/lab.festivalcapuchos.com\/wp-content\/uploads\/2022\/05\/3_fmc21-1024x683.jpg\" alt=\"Foto: Rita Carmo\" \/><figcaption class=\"elementor-image-carousel-caption\">Photo: Rita Carmo<\/figcaption><\/figure><\/div><div class=\"swiper-slide\" role=\"group\" aria-roledescription=\"slide\" aria-label=\"4 of 10\"><figure class=\"swiper-slide-inner\"><img decoding=\"async\" class=\"swiper-slide-image\" src=\"https:\/\/lab.festivalcapuchos.com\/wp-content\/uploads\/2022\/05\/4_fmc21-1024x683.jpg\" alt=\"Foto: Rita Carmo\" \/><figcaption class=\"elementor-image-carousel-caption\">Photo: Rita Carmo<\/figcaption><\/figure><\/div><div class=\"swiper-slide\" role=\"group\" aria-roledescription=\"slide\" aria-label=\"5 of 10\"><figure class=\"swiper-slide-inner\"><img decoding=\"async\" class=\"swiper-slide-image\" src=\"https:\/\/lab.festivalcapuchos.com\/wp-content\/uploads\/2022\/05\/5_fmc21-1024x683.jpg\" alt=\"Foto: Rita Carmo\" \/><figcaption class=\"elementor-image-carousel-caption\">Photo: Rita Carmo<\/figcaption><\/figure><\/div><div class=\"swiper-slide\" role=\"group\" aria-roledescription=\"slide\" aria-label=\"6 of 10\"><figure class=\"swiper-slide-inner\"><img decoding=\"async\" class=\"swiper-slide-image\" src=\"https:\/\/lab.festivalcapuchos.com\/wp-content\/uploads\/2022\/05\/6_fmc21-1024x683.jpg\" alt=\"Foto: Rita Carmo\" \/><figcaption class=\"elementor-image-carousel-caption\">Photo: Rita Carmo<\/figcaption><\/figure><\/div><div class=\"swiper-slide\" role=\"group\" aria-roledescription=\"slide\" aria-label=\"7 of 10\"><figure class=\"swiper-slide-inner\"><img decoding=\"async\" class=\"swiper-slide-image\" src=\"https:\/\/lab.festivalcapuchos.com\/wp-content\/uploads\/2022\/05\/7_fmc21-1024x683.jpg\" alt=\"Foto: Rita Carmo\" \/><figcaption class=\"elementor-image-carousel-caption\">Photo: Rita Carmo<\/figcaption><\/figure><\/div><div class=\"swiper-slide\" role=\"group\" aria-roledescription=\"slide\" aria-label=\"8 of 10\"><figure class=\"swiper-slide-inner\"><img decoding=\"async\" class=\"swiper-slide-image\" src=\"https:\/\/lab.festivalcapuchos.com\/wp-content\/uploads\/2022\/05\/8_fmc.21-1024x683.jpg\" alt=\"Foto: Rita Carmo\" \/><figcaption class=\"elementor-image-carousel-caption\">Photo: Rita Carmo<\/figcaption><\/figure><\/div><div class=\"swiper-slide\" role=\"group\" aria-roledescription=\"slide\" aria-label=\"9 of 10\"><figure class=\"swiper-slide-inner\"><img decoding=\"async\" class=\"swiper-slide-image\" src=\"https:\/\/lab.festivalcapuchos.com\/wp-content\/uploads\/2022\/05\/9_fmc21-1024x683.jpg\" alt=\"Foto: Rita Carmo\" \/><figcaption class=\"elementor-image-carousel-caption\">Photo: Rita Carmo<\/figcaption><\/figure><\/div><div class=\"swiper-slide\" role=\"group\" aria-roledescription=\"slide\" aria-label=\"10 of 10\"><figure class=\"swiper-slide-inner\"><img decoding=\"async\" class=\"swiper-slide-image\" src=\"https:\/\/lab.festivalcapuchos.com\/wp-content\/uploads\/2022\/05\/10_fmc21-1024x683.jpg\" alt=\"Foto: Rita Carmo\" \/><figcaption class=\"elementor-image-carousel-caption\">Photo: Rita Carmo<\/figcaption><\/figure><\/div>\t\t\t<\/div>\n\t\t\t\t\t\t\t\t\t\t\t\t<div class=\"elementor-swiper-button elementor-swiper-button-prev\" role=\"button\" tabindex=\"0\">\n\t\t\t\t\t\t<svg aria-hidden=\"true\" class=\"e-font-icon-svg e-eicon-chevron-left\" viewbox=\"0 0 1000 1000\" xmlns=\"http:\/\/www.w3.org\/2000\/svg\"><path d=\"M646 125C629 125 613 133 604 142L308 442C296 454 292 471 292 487 292 504 296 521 308 533L604 854C617 867 629 875 646 875 663 875 679 871 692 858 704 846 713 829 713 812 713 796 708 779 692 767L438 487 692 225C700 217 708 204 708 187 708 171 704 154 692 142 675 129 663 125 646 125Z\"><\/path><\/svg>\t\t\t\t\t<\/div>\n\t\t\t\t\t<div class=\"elementor-swiper-button elementor-swiper-button-next\" role=\"button\" tabindex=\"0\">\n\t\t\t\t\t\t<svg aria-hidden=\"true\" class=\"e-font-icon-svg e-eicon-chevron-right\" viewbox=\"0 0 1000 1000\" xmlns=\"http:\/\/www.w3.org\/2000\/svg\"><path d=\"M696 533C708 521 713 504 713 487 713 471 708 454 696 446L400 146C388 133 375 125 354 125 338 125 325 129 313 142 300 154 292 171 292 187 292 204 296 221 308 233L563 492 304 771C292 783 288 800 288 817 288 833 296 850 308 863 321 871 338 875 354 875 371 875 388 867 400 854L696 533Z\"><\/path><\/svg>\t\t\t\t\t<\/div>\n\t\t\t\t\n\t\t\t\t\t\t\t\t\t<\/div>\n\t\t\t\t\t\t<\/div>\n\t\t\t\t<\/div>\n\t\t\t\t\t<\/div>\n\t\t<\/div>\n\t\t\t\t\t<\/div>\n\t\t<\/section>\n\t\t\t\t<section class=\"elementor-section elementor-top-section elementor-element elementor-element-516ed6ae elementor-section-boxed elementor-section-height-default elementor-section-height-default\" data-id=\"516ed6ae\" data-element_type=\"section\" data-e-type=\"section\" data-settings=\"{&quot;background_background&quot;:&quot;classic&quot;}\">\n\t\t\t\t\t\t<div class=\"elementor-container elementor-column-gap-default\">\n\t\t\t\t\t<div class=\"elementor-column elementor-col-25 elementor-top-column elementor-element elementor-element-61b5a10e\" data-id=\"61b5a10e\" data-element_type=\"column\" data-e-type=\"column\">\n\t\t\t<div class=\"elementor-widget-wrap\">\n\t\t\t\t\t\t\t<\/div>\n\t\t<\/div>\n\t\t\t\t<div class=\"elementor-column elementor-col-50 elementor-top-column elementor-element elementor-element-25e7149a\" data-id=\"25e7149a\" data-element_type=\"column\" data-e-type=\"column\">\n\t\t\t<div class=\"elementor-widget-wrap elementor-element-populated\">\n\t\t\t\t\t\t<div class=\"elementor-element elementor-element-21c63fda elementor-widget elementor-widget-text-editor\" data-id=\"21c63fda\" data-element_type=\"widget\" data-e-type=\"widget\" data-widget_type=\"text-editor.default\">\n\t\t\t\t<div class=\"elementor-widget-container\">\n\t\t\t\t\t\t\t\t\t<h2>2021 EDITION\u00a0\u00a0<strong>11.06 &gt; 03.07.2021<br \/><br \/><\/strong><\/h2><div><p><span style=\"text-decoration: underline;\"><strong><a href=\"https:\/\/festivalcapuchos.com\/wp-content\/uploads\/2022\/05\/fmc_cartaz-alto.jpg\">DOWNLOAD POSTER HERE<\/a><\/strong><\/span><\/p><h6>11.06.2021<\/h6><p><span style=\"text-decoration: underline;\"><strong>Opening Concert<\/strong><\/span><br \/><span style=\"text-decoration: underline;\"><strong>Divine Voices: Bach and Portuguese Renaissance Poliphony<\/strong><\/span><br \/>Viviane Hagner <em>Violin<\/em><br \/>Adrian Brendel <em>Cello<\/em><br \/>Coro Officium Ensemble<br \/>Pedro Teixeira <em>Conductor<\/em><\/p><h6>12.06.2021<\/h6><p><span style=\"text-decoration: underline;\"><strong>Homenagem a Alfred Brendel 1<br \/><\/strong><strong>Confer\u00eancia \u201cMy Musical Life\u201d<\/strong><strong><br \/><\/strong><\/span>Alfred Brendel<\/p><p><span style=\"text-decoration: underline;\"><strong>Concerto Schubert\u00edada 1<\/strong><\/span><br \/>Viviane Hagner <em>Violin<\/em><br \/>Adrian Brendel <em>Cello<\/em><br \/>Filipe Pinto-Ribeiro <em>Piano<\/em><br \/>DSCH &#8211; Schostakovich Ensemble<\/p><h6>13.06.2021<\/h6><p><span style=\"text-decoration: underline;\"><strong>Homenagem a Alfred Brendel 2<br \/><\/strong><\/span><span style=\"text-decoration: underline;\"><strong>Brendel: Poetry and Music<\/strong><\/span><br \/>Alfred Brendel <em>Recitation of his poems<\/em> <br \/>Adrian Brendel <em>Cello<\/em><\/p><p><span style=\"text-decoration: underline;\"><strong>Concert Schubertiad 2<\/strong><\/span><br \/>Viviane Hagner <em>Violin<\/em><br \/>Adrian Brendel <em>Cello<\/em><br \/>Filipe Pinto-Ribeiro <em>Piano<\/em><br \/>DSCH &#8211; Schostakovich Ensemble<\/p><h6>18.06.2021<\/h6><p><span style=\"text-decoration: underline;\"><strong>Piazzolla 100<\/strong><\/span><br \/><span style=\"text-decoration: underline;\"><strong>Centenary of birth of Astor Piazzolla<\/strong><\/span><br \/>Marcelo Nisinman <em>Bandone\u00f3n<\/em><br \/>Karen Gomyo <em>Violin<\/em><br \/>Tiago Pinto-Ribeiro <em>Double Bass<\/em><br \/>Rosa Maria Barrantes <em>Piano<\/em><br \/>Alberto Mesirca <em>Electric Guitar<\/em><\/p><h6>19.06.2021<\/h6><p><span style=\"text-decoration: underline;\"><strong>Maria de Buenos Aires<\/strong><\/span><br \/><span style=\"text-decoration: underline;\"><strong>Opera-tango by Astor Piazzolla<\/strong><\/span><br \/>Ana Karina Rossi <em>Maria de Buenos Aires<\/em><br \/>Ruben Peloni <em>Tenor<\/em><br \/>Daniel Bonilla-Torres <em>El Duende<\/em> <br \/>Marcelo Nisinman <em>Bandone\u00f3n e Direc\u00e7\u00e3o musical<\/em><br \/>Karen Gomyo <em>Violino I<\/em><br \/>Manuel de Almeida Ferrer <em>Violin II<\/em><br \/>Francisca Fins <em>Viola<\/em><br \/>Kyril Zlotnikov <em>Cello<\/em><br \/>Tiago Pinto-Ribeiro <em>Double Bass<\/em><br \/>Nuno In\u00e1cio <em>Flute<\/em><br \/>Rosa Maria Barrantes <em>Piano<\/em><br \/>Alberto Mesirca <em>Electric Guitar<\/em><br \/>Abel Cardoso e Pedro Carvalho <em>Percussion<\/em><\/p><h6>20.06.2021<\/h6><p><span style=\"text-decoration: underline;\"><strong>Capuchos's Talk 1<\/strong><\/span><br \/><strong><em>Porqu\u00ea ler Dante \u2013 nos 700 anos da morte do poeta<\/em> <\/strong><br \/>with <strong>Ant\u00f3nio Mega Ferreira e Jorge Vaz de Carvalho<\/strong><br \/>Moderated by <strong>Carlos Vaz Marques<\/strong><\/p><p><span style=\"text-decoration: underline;\"><strong>Maria de Buenos Aires<\/strong><\/span><br \/><span style=\"text-decoration: underline;\"><strong>Opera-tango by Astor Piazzolla<\/strong><\/span><\/p><h6>26.06.2021<\/h6><p><span style=\"text-decoration: underline;\"><strong>Soloists of the Gulbenkian Orchestra <\/strong><\/span><br \/><span style=\"text-decoration: underline;\"><strong>Quintetos de Brahms e Azevedo<\/strong> <\/span><br \/>Telmo Costa <em>Clarinet<\/em><br \/>Francisco Lima Santos <em>Violin<\/em><br \/>Anna Paliwoda <em>Violin<\/em><br \/>Samuel Barsegian <em>Viola<\/em><br \/>Varoujan Bartikian <em>Cello<\/em><\/p><p><span style=\"text-decoration: underline;\"><strong>Recital of Lute and Vihuela<\/strong><\/span><br \/><span style=\"text-decoration: underline;\"><strong>El Siglo de Oro, the Golden Age<\/strong><\/span><br \/>Hopkinson Smith <em>Lute <\/em>and<em> Vihuela<\/em><\/p><h6>27.06.2021<\/h6><p><span style=\"text-decoration: underline;\"><strong>Capuchos's Talk 2<\/strong><\/span><br \/><em><strong>A inven\u00e7\u00e3o da modernidade po\u00e9tica \u2013 no bicenten\u00e1rio do nascimento de Baudelaire<\/strong><\/em> <br \/>with <strong>Joana Matos Frias, Fernando Pinto do Amaral<\/strong> and<strong> Pedro Mexia<\/strong><br \/>Moderated by <strong>Carlos Vaz Marques<\/strong><\/p><p><span style=\"text-decoration: underline;\"><strong>Jazz Concert<\/strong><\/span><br \/><span style=\"text-decoration: underline;\"><strong>Sofia Ribeiro Quartet<\/strong><\/span><br \/>Sofia Ribeiro <em>Vocals<\/em><br \/>Juan Andr\u00e9s Ospina <em>Piano<\/em><br \/>Petros Klampanis <em>Double Bass<\/em><br \/>Marcelo Woloski <em>Percussion<\/em><\/p><h6>01.07.2021<\/h6><p><span style=\"text-decoration: underline;\"><strong>Recital de Alexander Kantorow<\/strong><\/span><br \/><span style=\"text-decoration: underline;\"><strong>Brahms, Liszt e Rachmaninov<\/strong><\/span><br \/>Alexander Kantorow <em>Piano<\/em><\/p><h6>02.07.2021<\/h6><p><span style=\"text-decoration: underline;\"><strong>St. Petersburg Orchestra &amp; Nakariakov<\/strong><\/span><br \/><span style=\"text-decoration: underline;\"><strong>Nocturnal Virtuosity<\/strong><\/span><br \/>Sergei Nakariakov <em>Trumpet<\/em><br \/>Russian Chamber Philharmonic St. Petersburg<br \/>Juri Gilbo <em>Conductor<\/em><\/p><h6>03.07.2021<\/h6><p><span style=\"text-decoration: underline;\"><strong>Capuchos's Talk 3<\/strong><\/span><br \/><strong><em>A ang\u00fastia de um mundo sem Deus e outras inquieta\u00e7\u00f5es da exist\u00eancia \u2013 <\/em><\/strong><br \/><strong><em>no bicenten\u00e1rio do nascimento de Dostoievski<\/em> <\/strong><br \/>with <strong>Ant\u00f3nio Pescada, Guilherme d\u2019Oliveira Martins <\/strong>and<strong> H\u00e9lia Correia<\/strong><br \/>Moderated by <strong>Carlos Vaz Marques<\/strong><\/p><p><span style=\"text-decoration: underline;\"><strong>Closing Concert<\/strong><\/span><br \/><span style=\"text-decoration: underline;\"><strong>Tchaikovsky &amp; Schostakovich<\/strong><\/span><br \/>Filipe Pinto-Ribeiro <em>Piano<\/em><br \/>Serguei Nakariakov <em>Trumpet<\/em> <br \/>Russian Chamber Philharmonic St. Petersburg<br \/>Juri Gilbo <em>Conductor<\/em><\/p><\/div>\t\t\t\t\t\t\t\t<\/div>\n\t\t\t\t<\/div>\n\t\t\t\t\t<\/div>\n\t\t<\/div>\n\t\t\t\t<div class=\"elementor-column elementor-col-25 elementor-top-column elementor-element elementor-element-3fe2b204\" data-id=\"3fe2b204\" data-element_type=\"column\" data-e-type=\"column\">\n\t\t\t<div class=\"elementor-widget-wrap\">\n\t\t\t\t\t\t\t<\/div>\n\t\t<\/div>\n\t\t\t\t\t<\/div>\n\t\t<\/section>\n\t\t\t\t<\/div>","protected":false},"excerpt":{"rendered":"<p>Foto: Rita Carmo Foto: Rita Carmo Foto: Rita Carmo Foto: Rita Carmo Foto: Rita Carmo Foto: Rita Carmo Foto: Rita Carmo Foto: Rita Carmo Foto: Rita Carmo Foto: Rita Carmo EDI\u00c7\u00c3O 2021 \u00a0|\u00a0\u00a011.06 &gt; 03.07.2021 DESCARREGAR AQUI CARTAZ 11.06.2021 Concerto AberturaVozes Divinas: Bach e Polifonia Renascentista PortuguesaViviane Hagner ViolinoAdrian Brendel ViolonceloCoro Officium EnsemblePedro Teixeira Direc\u00e7\u00e3o [&hellip;]<\/p>\n","protected":false},"author":5,"featured_media":0,"parent":0,"menu_order":0,"comment_status":"closed","ping_status":"closed","template":"","meta":{"_acf_changed":false,"ocean_post_layout":"","ocean_both_sidebars_style":"","ocean_both_sidebars_content_width":0,"ocean_both_sidebars_sidebars_width":0,"ocean_sidebar":"0","ocean_second_sidebar":"0","ocean_disable_margins":"enable","ocean_add_body_class":"","ocean_shortcode_before_top_bar":"","ocean_shortcode_after_top_bar":"","ocean_shortcode_before_header":"","ocean_shortcode_after_header":"","ocean_has_shortcode":"","ocean_shortcode_after_title":"","ocean_shortcode_before_footer_widgets":"","ocean_shortcode_after_footer_widgets":"","ocean_shortcode_before_footer_bottom":"","ocean_shortcode_after_footer_bottom":"","ocean_display_top_bar":"default","ocean_display_header":"default","ocean_header_style":"","ocean_center_header_left_menu":"0","ocean_custom_header_template":"0","ocean_custom_logo":0,"ocean_custom_retina_logo":0,"ocean_custom_logo_max_width":0,"ocean_custom_logo_tablet_max_width":0,"ocean_custom_logo_mobile_max_width":0,"ocean_custom_logo_max_height":0,"ocean_custom_logo_tablet_max_height":0,"ocean_custom_logo_mobile_max_height":0,"ocean_header_custom_menu":"0","ocean_menu_typo_font_family":"0","ocean_menu_typo_font_subset":"","ocean_menu_typo_font_size":0,"ocean_menu_typo_font_size_tablet":0,"ocean_menu_typo_font_size_mobile":0,"ocean_menu_typo_font_size_unit":"px","ocean_menu_typo_font_weight":"","ocean_menu_typo_font_weight_tablet":"","ocean_menu_typo_font_weight_mobile":"","ocean_menu_typo_transform":"","ocean_menu_typo_transform_tablet":"","ocean_menu_typo_transform_mobile":"","ocean_menu_typo_line_height":0,"ocean_menu_typo_line_height_tablet":0,"ocean_menu_typo_line_height_mobile":0,"ocean_menu_typo_line_height_unit":"","ocean_menu_typo_spacing":0,"ocean_menu_typo_spacing_tablet":0,"ocean_menu_typo_spacing_mobile":0,"ocean_menu_typo_spacing_unit":"","ocean_menu_link_color":"","ocean_menu_link_color_hover":"","ocean_menu_link_color_active":"","ocean_menu_link_background":"","ocean_menu_link_hover_background":"","ocean_menu_link_active_background":"","ocean_menu_social_links_bg":"","ocean_menu_social_hover_links_bg":"","ocean_menu_social_links_color":"","ocean_menu_social_hover_links_color":"","ocean_disable_title":"default","ocean_disable_heading":"default","ocean_post_title":"","ocean_post_subheading":"","ocean_post_title_style":"","ocean_post_title_background_color":"","ocean_post_title_background":0,"ocean_post_title_bg_image_position":"","ocean_post_title_bg_image_attachment":"","ocean_post_title_bg_image_repeat":"","ocean_post_title_bg_image_size":"","ocean_post_title_height":0,"ocean_post_title_bg_overlay":0.5,"ocean_post_title_bg_overlay_color":"","ocean_disable_breadcrumbs":"default","ocean_breadcrumbs_color":"","ocean_breadcrumbs_separator_color":"","ocean_breadcrumbs_links_color":"","ocean_breadcrumbs_links_hover_color":"","ocean_display_footer_widgets":"default","ocean_display_footer_bottom":"default","ocean_custom_footer_template":"0","footnotes":""},"class_list":["post-8692","page","type-page","status-publish","hentry","entry"],"acf":[],"aioseo_notices":[],"_links":{"self":[{"href":"https:\/\/lab.festivalcapuchos.com\/en\/wp-json\/wp\/v2\/pages\/8692","targetHints":{"allow":["GET"]}}],"collection":[{"href":"https:\/\/lab.festivalcapuchos.com\/en\/wp-json\/wp\/v2\/pages"}],"about":[{"href":"https:\/\/lab.festivalcapuchos.com\/en\/wp-json\/wp\/v2\/types\/page"}],"author":[{"embeddable":true,"href":"https:\/\/lab.festivalcapuchos.com\/en\/wp-json\/wp\/v2\/users\/5"}],"replies":[{"embeddable":true,"href":"https:\/\/lab.festivalcapuchos.com\/en\/wp-json\/wp\/v2\/comments?post=8692"}],"version-history":[{"count":0,"href":"https:\/\/lab.festivalcapuchos.com\/en\/wp-json\/wp\/v2\/pages\/8692\/revisions"}],"wp:attachment":[{"href":"https:\/\/lab.festivalcapuchos.com\/en\/wp-json\/wp\/v2\/media?parent=8692"}],"curies":[{"name":"wp","href":"https:\/\/api.w.org\/{rel}","templated":true}]}}