{"id":16469,"date":"2025-03-09T09:23:54","date_gmt":"2025-03-09T09:23:54","guid":{"rendered":"https:\/\/festivalcapuchos.com\/?page_id=16469"},"modified":"2025-03-09T09:24:15","modified_gmt":"2025-03-09T09:24:15","slug":"introducao_2024","status":"publish","type":"page","link":"https:\/\/lab.festivalcapuchos.com\/pt\/introducao_2024\/","title":{"rendered":"Introdu\u00e7\u00e3o_2024"},"content":{"rendered":"\t\t<div data-elementor-type=\"wp-page\" data-elementor-id=\"16469\" class=\"elementor elementor-16469\" data-elementor-post-type=\"page\">\n\t\t\t\t\t\t<section class=\"elementor-section elementor-top-section elementor-element elementor-element-4396e446 elementor-section-boxed elementor-section-height-default elementor-section-height-default\" data-id=\"4396e446\" data-element_type=\"section\" data-e-type=\"section\">\n\t\t\t\t\t\t<div class=\"elementor-container elementor-column-gap-default\">\n\t\t\t\t\t\t<\/div>\n\t\t<\/section>\n\t\t\t\t<section class=\"elementor-section elementor-top-section elementor-element elementor-element-60b0ad8 elementor-section-full_width elementor-section-height-default elementor-section-height-default\" data-id=\"60b0ad8\" data-element_type=\"section\" data-e-type=\"section\" data-settings=\"{&quot;background_background&quot;:&quot;classic&quot;}\">\n\t\t\t\t\t\t<div class=\"elementor-container elementor-column-gap-no\">\n\t\t\t\t\t<div class=\"elementor-column elementor-col-100 elementor-top-column elementor-element elementor-element-7f7b768\" data-id=\"7f7b768\" data-element_type=\"column\" data-e-type=\"column\">\n\t\t\t<div class=\"elementor-widget-wrap elementor-element-populated\">\n\t\t\t\t\t\t<div class=\"elementor-element elementor-element-a59d25c elementor-widget elementor-widget-heading\" data-id=\"a59d25c\" data-element_type=\"widget\" data-e-type=\"widget\" data-widget_type=\"heading.default\">\n\t\t\t\t<div class=\"elementor-widget-container\">\n\t\t\t\t\t<h2 class=\"elementor-heading-title elementor-size-default\">Edi\u00e7\u00e3o 2024<\/h2>\t\t\t\t<\/div>\n\t\t\t\t<\/div>\n\t\t\t\t<div class=\"elementor-element elementor-element-0f971d2 elementor-widget elementor-widget-image\" data-id=\"0f971d2\" data-element_type=\"widget\" data-e-type=\"widget\" data-widget_type=\"image.default\">\n\t\t\t\t<div class=\"elementor-widget-container\">\n\t\t\t\t\t\t\t\t\t\t\t\t\t\t\t<img fetchpriority=\"high\" decoding=\"async\" width=\"2000\" height=\"400\" src=\"https:\/\/lab.festivalcapuchos.com\/wp-content\/uploads\/2023\/03\/banner-home2.png\" class=\"attachment-full size-full wp-image-11310\" alt=\"\" srcset=\"https:\/\/lab.festivalcapuchos.com\/wp-content\/uploads\/2023\/03\/banner-home2.png 2000w, https:\/\/lab.festivalcapuchos.com\/wp-content\/uploads\/2023\/03\/banner-home2-300x60.png 300w, https:\/\/lab.festivalcapuchos.com\/wp-content\/uploads\/2023\/03\/banner-home2-1024x205.png 1024w, https:\/\/lab.festivalcapuchos.com\/wp-content\/uploads\/2023\/03\/banner-home2-768x154.png 768w, https:\/\/lab.festivalcapuchos.com\/wp-content\/uploads\/2023\/03\/banner-home2-1536x307.png 1536w, https:\/\/lab.festivalcapuchos.com\/wp-content\/uploads\/2023\/03\/banner-home2-18x4.png 18w\" sizes=\"(max-width: 2000px) 100vw, 2000px\" \/>\t\t\t\t\t\t\t\t\t\t\t\t\t\t\t<\/div>\n\t\t\t\t<\/div>\n\t\t\t\t\t<\/div>\n\t\t<\/div>\n\t\t\t\t\t<\/div>\n\t\t<\/section>\n\t\t\t\t<section class=\"elementor-section elementor-top-section elementor-element elementor-element-e5347a0 elementor-section-boxed elementor-section-height-default elementor-section-height-default\" data-id=\"e5347a0\" data-element_type=\"section\" data-e-type=\"section\" data-settings=\"{&quot;background_background&quot;:&quot;classic&quot;}\">\n\t\t\t\t\t\t<div class=\"elementor-container elementor-column-gap-default\">\n\t\t\t\t\t<div class=\"elementor-column elementor-col-16 elementor-top-column elementor-element elementor-element-c228a43\" data-id=\"c228a43\" data-element_type=\"column\" data-e-type=\"column\">\n\t\t\t<div class=\"elementor-widget-wrap\">\n\t\t\t\t\t\t\t<\/div>\n\t\t<\/div>\n\t\t\t\t<div class=\"elementor-column elementor-col-66 elementor-top-column elementor-element elementor-element-d82bfe2\" data-id=\"d82bfe2\" data-element_type=\"column\" data-e-type=\"column\">\n\t\t\t<div class=\"elementor-widget-wrap elementor-element-populated\">\n\t\t\t\t\t\t<div class=\"elementor-element elementor-element-26a85c8 elementor-widget elementor-widget-text-editor\" data-id=\"26a85c8\" data-element_type=\"widget\" data-e-type=\"widget\" data-widget_type=\"text-editor.default\">\n\t\t\t\t<div class=\"elementor-widget-container\">\n\t\t\t\t\t\t\t\t\t<p style=\"text-align: left;\"><span style=\"font-weight: 400;\">Neste ano de 2024 em que celebramos o <\/span><b>cinquenten\u00e1rio do 25 de Abril<\/b><span style=\"font-weight: 400;\">, o<\/span><b> Festival de M\u00fasica dos Capuchos <\/b><span style=\"font-weight: 400;\">\u00e9 inspirado pela(s) ideia(s) de Liberdade ao longo da Hist\u00f3ria da M\u00fasica.<\/span><\/p><p style=\"text-align: left;\"><span style=\"font-weight: 400;\">\u00a0<\/span><b>Entre 29 de Maio e 21 de Junho<\/b><span style=\"font-weight: 400;\">, o Festival dos Capuchos trar\u00e1 a Almada mu\u0301sicos e orquestras de refere\u0302ncia nacional e internacional para uma s\u00e9rie de concertos imperd\u00edveis, no local que d\u00e1 nome ao Festival, o<\/span><b> Convento dos Capuchos<\/b><span style=\"font-weight: 400;\">, e ainda no<\/span><b> Teatro Municipal Joaquim Benite<\/b><span style=\"font-weight: 400;\"> e, pela primeira vez, no <\/span><b>Audit\u00f3rio Fernando Lopes-Gra\u00e7a<\/b><span style=\"font-weight: 400;\">.<\/span><\/p><p style=\"text-align: left;\"><span style=\"font-weight: 400;\">Estar\u00e3o presentes artistas e ensembles de renome, entre os quais \u00e9 de real\u00e7ar, desde logo, a estreia em Portugal de um dos projectos orquestrais mais audaciosos dos \u00faltimos anos, a <\/span><b>Orquestra Sinf\u00f3nica de Paris \u201cConsuelo\u201d<\/b><span style=\"font-weight: 400;\"> que, sob a dire\u00e7\u00e3o de <\/span><b>Victor-Julien Laferri\u00e8re<\/b><span style=\"font-weight: 400;\">, abrir\u00e1 o festival com a <\/span><b>5\u00aa Sinfonia de Beethoven<\/b><span style=\"font-weight: 400;\">, obra-prima indiscut\u00edvel e poderosa evoca\u00e7\u00e3o da luta contra as adversidades e do triunfo da Liberdade.<br \/><\/span><span style=\"font-weight: 400;\">Destaque-se ainda os concertos de estreia em Portugal de outros agrupamentos da vanguarda musical europeia, como o <\/span><b>Paganini Ensemble de Viena<\/b><span style=\"font-weight: 400;\"> e a <\/span><b>Orquestra de C\u00e2mara de Berlim \u201cMetamorphosen\u201d<\/b><span style=\"font-weight: 400;\">, sob a direc\u00e7\u00e3o de <\/span><b>Wolfgang Emanuel Schmidt<\/b><span style=\"font-weight: 400;\">.<\/span><\/p><p style=\"text-align: left;\"><span style=\"font-weight: 400;\">Entre os grandes solistas internacionais que marcar\u00e3o presen\u00e7a nesta edi\u00e7\u00e3o, realce para a lend\u00e1ria pianista <\/span><b>Elisabeth Leonskaja<\/b><span style=\"font-weight: 400;\">, a violinista alem\u00e3 <\/span><b>Carolin Widmann<\/b><span style=\"font-weight: 400;\">, o violoncelista su\u00ed\u00e7o <\/span><b>Christian Polt\u00e9ra<\/b><span style=\"font-weight: 400;\"> e o jovem pianista ucraniano<\/span><b> Roman Fediurko<\/b><span style=\"font-weight: 400;\">, vencedor do prestigiado Concurso Internacional Horowitz em 2023, que interpretar\u00e1 obras de <\/span><b>Chopin<\/b><span style=\"font-weight: 400;\"> neste que ser\u00e1 o seu recital de estreia no nosso pa\u00eds.<br \/><\/span><span style=\"font-weight: 400;\">A presen\u00e7a nacional estar\u00e1 a cargo de agrupamentos de refer\u00eancia, entre os quais o ensemble renascentista <\/span><b>Arte Minima<\/b><span style=\"font-weight: 400;\"> e o <\/span><b>Schostakovich Ensemble<\/b><span style=\"font-weight: 400;\">, e de m\u00fasicos como o pianista <\/span><b>J\u00falio Resende<\/b><span style=\"font-weight: 400;\">, com o seu<\/span><b> Fado Jazz Ensemble<\/b><span style=\"font-weight: 400;\">, o maestro <\/span><b>Martim Sousa Tavares<\/b><span style=\"font-weight: 400;\"> e a violetista <\/span><b>Sofia Silva Sousa<\/b><span style=\"font-weight: 400;\">, entre muitos outros.<br \/><\/span><span style=\"font-weight: 400;\">Na composi\u00e7\u00e3o, o destaque vai para obras de <\/span><b>Beethoven<\/b><span style=\"font-weight: 400;\">, <\/span><b>Mozart<\/b><span style=\"font-weight: 400;\">, <\/span><b>Haydn<\/b><span style=\"font-weight: 400;\">, <\/span><b>Schubert<\/b><span style=\"font-weight: 400;\">, <\/span><b>Chopin<\/b><span style=\"font-weight: 400;\">, <\/span><b>Paganini<\/b><span style=\"font-weight: 400;\"> e <\/span><b>Schostakovich<\/b><span style=\"font-weight: 400;\">; obras de compositores renascentistas, como o portugu\u00eas<\/span><b> Pedro de Cristo<\/b><span style=\"font-weight: 400;\">; e a \u00f3pera de <\/span><b>Philip Glass<\/b> <b>\u201cNa Col\u00f3nia Penal\u201d<\/b><span style=\"font-weight: 400;\">, a partir do conto hom\u00f3nimo de <\/span><b>Franz Kafka<\/b><span style=\"font-weight: 400;\">.<\/span><\/p><p style=\"text-align: left;\"><span style=\"font-weight: 400;\">\u00c9 ainda de real\u00e7ar a estreia mundial de uma nova obra da premiada compositora portuguesa, residente em Nova Iorque, <\/span><b>Andreia Pinto Correia<\/b><span style=\"font-weight: 400;\"> e o concerto de homenagem p\u00f3stuma a <\/span><b>Ant\u00f3nio Mega Ferreira<\/b><span style=\"font-weight: 400;\">, um dos maiores vultos da cultura e do pensamento portugueses do p\u00f3s-25 de Abril.<\/span><\/p><p style=\"text-align: left;\"><span style=\"font-weight: 400;\">\u00a0<\/span><span style=\"font-weight: 400;\">O ciclo das j\u00e1 emblem\u00e1ticas <\/span><b>Conversas dos Capuchos<\/b><span style=\"font-weight: 400;\">, com curadoria e modera\u00e7\u00e3o de <\/span><b>Carlos Vaz Marques<\/b><span style=\"font-weight: 400;\">, ser\u00e1 dedicado a tr\u00eas efem\u00e9rides liter\u00e1rias de 2024 &#8211; o centen\u00e1rio da morte de <\/span><b>Franz Kafka<\/b><span style=\"font-weight: 400;\">, o centen\u00e1rio do nascimento de <\/span><b>Sebasti\u00e3o da Gama<\/b><span style=\"font-weight: 400;\"> e os 500 anos de<\/span><b> Lu\u00eds Vaz de Cam\u00f5es<\/b><span style=\"font-weight: 400;\"> &#8211; , com a presen\u00e7a de convidados como <\/span><b>Alberto Manguel<\/b><span style=\"font-weight: 400;\">, <\/span><b>Jos\u00e9 Carlos Seabra Pereira<\/b><span style=\"font-weight: 400;\">, <\/span><b>Maria Bochichio<\/b><span style=\"font-weight: 400;\">, <\/span><b>Nuno Amado<\/b><span style=\"font-weight: 400;\">, <\/span><b>Jos\u00e9 Gardeazabal<\/b><span style=\"font-weight: 400;\"> e <\/span><b>Viriato Soromenho-Marques<\/b><span style=\"font-weight: 400;\">.<\/span><\/p><p style=\"text-align: left;\"><span style=\"font-weight: 400;\">\u00a0<\/span><span style=\"font-weight: 400;\">Em 2024, nesta que ser\u00e1 a quarta edi\u00e7\u00e3o do Festival de Mu\u0301sica dos Capuchos apo\u0301s a interrup\u00e7\u00e3o de 20 anos entre 2001 e 2020 , ser\u00e3o ainda realizadas um conjunto de actividades de forma\u00e7\u00e3o e sensibiliza\u00e7\u00e3o iniciadas na edi\u00e7\u00e3o de 2023: conversas pr\u00e9-concertos denominadas <\/span><b>Prel\u00fadios dos Capuchos<\/b><span style=\"font-weight: 400;\"> com a modera\u00e7\u00e3o de <\/span><b>Jo\u00e3o Almeida<\/b><span style=\"font-weight: 400;\">, diretor da Antena 2; a<\/span><b> Visita ao patrim\u00f3nio cultural do Convento dos Capuchos<\/b><span style=\"font-weight: 400;\">, constru\u00eddo no s\u00e9culo XVI; a<\/span><b> Caminhada na Paisagem Protegida da Arriba F\u00f3ssil da Costa da Caparica<\/b><span style=\"font-weight: 400;\">, onde est\u00e1 inserido o Convento; e as <\/span><b>Masterclasses dos Capuchos<\/b><span style=\"font-weight: 400;\">, aulas abertas destinadas a jovens m\u00fasicos e orientadas por professores dos <\/span><b>Conservat\u00f3rios de Leipzig<\/b><span style=\"font-weight: 400;\">, <\/span><b>Lucerna<\/b><span style=\"font-weight: 400;\"> e <\/span><b>Hels\u00ednquia<\/b><span style=\"font-weight: 400;\">.<\/span><\/p><p style=\"text-align: left;\"><span style=\"font-weight: 400;\">\u00a0<\/span><span style=\"font-weight: 400;\">Neste cinquenten\u00e1rio do 25 de Abril, celebramos os ideais de Liberdade com uma programa\u00e7\u00e3o que reafirma a miss\u00e3o do <\/span><b>Festival de M\u00fasica dos Capuchos<\/b><span style=\"font-weight: 400;\"> como evento de refere\u0302ncia, \u00e0 escala nacional e internacional, promovendo assim o acesso democr\u00e1tico \u00e0 cultura.<\/span><\/p><p style=\"text-align: left;\"><span style=\"font-weight: 400;\">\u00a0<\/span><span style=\"font-weight: 400;\">O nosso bem-haja a todos os que tornam poss\u00edvel a realiza\u00e7\u00e3o do <\/span><b>Festival de M\u00fasica dos Capuchos<\/b><span style=\"font-weight: 400;\">, em primeiro lugar \u00e0 <\/span><b>C\u00e2mara Municipal de Almada<\/b><span style=\"font-weight: 400;\"> e aos seus servi\u00e7os municipais, \u00e0 <\/span><b>Direc\u00e7\u00e3o-Geral das Artes<\/b><span style=\"font-weight: 400;\">, ao mecenas <\/span><b>BPI\/Funda\u00e7\u00e3o \u201cla Caixa\u201d<\/b><span style=\"font-weight: 400;\">, aos parceiros <\/span><b>Companhia de Teatro de Almada<\/b><span style=\"font-weight: 400;\">, <\/span><b>\u00c2mbito Cultural do El Corte Ingl\u00e9s<\/b><span style=\"font-weight: 400;\">, <\/span><b>RTP Antena 2<\/b><span style=\"font-weight: 400;\">, e a <\/span><b>Sua Excel\u00eancia o Presidente da Rep\u00fablica<\/b><span style=\"font-weight: 400;\"> pelo Alto Patroc\u00ednio novamente concedido.<br \/><br \/><\/span><\/p><h5>Filipe Pinto-Ribeiro<\/h5><p><em>Director Art\u00edstico do Festival de M\u00fasica dos Capuchos<\/em><\/p><p style=\"text-align: left;\"><span style=\"font-weight: 400;\">\u00a0<\/span><\/p>\t\t\t\t\t\t\t\t<\/div>\n\t\t\t\t<\/div>\n\t\t\t\t<div class=\"elementor-element elementor-element-e31a9e2 elementor-widget elementor-widget-spacer\" data-id=\"e31a9e2\" data-element_type=\"widget\" data-e-type=\"widget\" data-widget_type=\"spacer.default\">\n\t\t\t\t<div class=\"elementor-widget-container\">\n\t\t\t\t\t\t\t<div class=\"elementor-spacer\">\n\t\t\t<div class=\"elementor-spacer-inner\"><\/div>\n\t\t<\/div>\n\t\t\t\t\t\t<\/div>\n\t\t\t\t<\/div>\n\t\t\t\t\t<\/div>\n\t\t<\/div>\n\t\t\t\t<div class=\"elementor-column elementor-col-16 elementor-top-column elementor-element elementor-element-29fee08\" data-id=\"29fee08\" data-element_type=\"column\" data-e-type=\"column\">\n\t\t\t<div class=\"elementor-widget-wrap\">\n\t\t\t\t\t\t\t<\/div>\n\t\t<\/div>\n\t\t\t\t\t<\/div>\n\t\t<\/section>\n\t\t\t\t<\/div>\n\t\t","protected":false},"excerpt":{"rendered":"<p>Edi\u00e7\u00e3o 2024 Neste ano de 2024 em que celebramos o cinquenten\u00e1rio do 25 de Abril, o Festival de M\u00fasica dos Capuchos \u00e9 inspirado pela(s) ideia(s) de Liberdade ao longo da Hist\u00f3ria da M\u00fasica. \u00a0Entre 29 de Maio e 21 de Junho, o Festival dos Capuchos trar\u00e1 a Almada mu\u0301sicos e orquestras de refere\u0302ncia nacional e [&hellip;]<\/p>\n","protected":false},"author":13,"featured_media":0,"parent":0,"menu_order":0,"comment_status":"closed","ping_status":"closed","template":"","meta":{"_acf_changed":false,"ocean_post_layout":"","ocean_both_sidebars_style":"","ocean_both_sidebars_content_width":0,"ocean_both_sidebars_sidebars_width":0,"ocean_sidebar":"0","ocean_second_sidebar":"0","ocean_disable_margins":"enable","ocean_add_body_class":"","ocean_shortcode_before_top_bar":"","ocean_shortcode_after_top_bar":"","ocean_shortcode_before_header":"","ocean_shortcode_after_header":"","ocean_has_shortcode":"","ocean_shortcode_after_title":"","ocean_shortcode_before_footer_widgets":"","ocean_shortcode_after_footer_widgets":"","ocean_shortcode_before_footer_bottom":"","ocean_shortcode_after_footer_bottom":"","ocean_display_top_bar":"default","ocean_display_header":"default","ocean_header_style":"","ocean_center_header_left_menu":"0","ocean_custom_header_template":"0","ocean_custom_logo":0,"ocean_custom_retina_logo":0,"ocean_custom_logo_max_width":0,"ocean_custom_logo_tablet_max_width":0,"ocean_custom_logo_mobile_max_width":0,"ocean_custom_logo_max_height":0,"ocean_custom_logo_tablet_max_height":0,"ocean_custom_logo_mobile_max_height":0,"ocean_header_custom_menu":"0","ocean_menu_typo_font_family":"0","ocean_menu_typo_font_subset":"","ocean_menu_typo_font_size":0,"ocean_menu_typo_font_size_tablet":0,"ocean_menu_typo_font_size_mobile":0,"ocean_menu_typo_font_size_unit":"px","ocean_menu_typo_font_weight":"","ocean_menu_typo_font_weight_tablet":"","ocean_menu_typo_font_weight_mobile":"","ocean_menu_typo_transform":"","ocean_menu_typo_transform_tablet":"","ocean_menu_typo_transform_mobile":"","ocean_menu_typo_line_height":0,"ocean_menu_typo_line_height_tablet":0,"ocean_menu_typo_line_height_mobile":0,"ocean_menu_typo_line_height_unit":"","ocean_menu_typo_spacing":0,"ocean_menu_typo_spacing_tablet":0,"ocean_menu_typo_spacing_mobile":0,"ocean_menu_typo_spacing_unit":"","ocean_menu_link_color":"","ocean_menu_link_color_hover":"","ocean_menu_link_color_active":"","ocean_menu_link_background":"","ocean_menu_link_hover_background":"","ocean_menu_link_active_background":"","ocean_menu_social_links_bg":"","ocean_menu_social_hover_links_bg":"","ocean_menu_social_links_color":"","ocean_menu_social_hover_links_color":"","ocean_disable_title":"default","ocean_disable_heading":"default","ocean_post_title":"","ocean_post_subheading":"","ocean_post_title_style":"","ocean_post_title_background_color":"","ocean_post_title_background":0,"ocean_post_title_bg_image_position":"","ocean_post_title_bg_image_attachment":"","ocean_post_title_bg_image_repeat":"","ocean_post_title_bg_image_size":"","ocean_post_title_height":0,"ocean_post_title_bg_overlay":0.5,"ocean_post_title_bg_overlay_color":"","ocean_disable_breadcrumbs":"default","ocean_breadcrumbs_color":"","ocean_breadcrumbs_separator_color":"","ocean_breadcrumbs_links_color":"","ocean_breadcrumbs_links_hover_color":"","ocean_display_footer_widgets":"default","ocean_display_footer_bottom":"default","ocean_custom_footer_template":"0","footnotes":""},"class_list":["post-16469","page","type-page","status-publish","hentry","entry"],"acf":[],"aioseo_notices":[],"_links":{"self":[{"href":"https:\/\/lab.festivalcapuchos.com\/pt\/wp-json\/wp\/v2\/pages\/16469","targetHints":{"allow":["GET"]}}],"collection":[{"href":"https:\/\/lab.festivalcapuchos.com\/pt\/wp-json\/wp\/v2\/pages"}],"about":[{"href":"https:\/\/lab.festivalcapuchos.com\/pt\/wp-json\/wp\/v2\/types\/page"}],"author":[{"embeddable":true,"href":"https:\/\/lab.festivalcapuchos.com\/pt\/wp-json\/wp\/v2\/users\/13"}],"replies":[{"embeddable":true,"href":"https:\/\/lab.festivalcapuchos.com\/pt\/wp-json\/wp\/v2\/comments?post=16469"}],"version-history":[{"count":8,"href":"https:\/\/lab.festivalcapuchos.com\/pt\/wp-json\/wp\/v2\/pages\/16469\/revisions"}],"predecessor-version":[{"id":16652,"href":"https:\/\/lab.festivalcapuchos.com\/pt\/wp-json\/wp\/v2\/pages\/16469\/revisions\/16652"}],"wp:attachment":[{"href":"https:\/\/lab.festivalcapuchos.com\/pt\/wp-json\/wp\/v2\/media?parent=16469"}],"curies":[{"name":"wp","href":"https:\/\/api.w.org\/{rel}","templated":true}]}}