{"id":16512,"date":"2025-03-09T10:58:42","date_gmt":"2025-03-09T10:58:42","guid":{"rendered":"https:\/\/festivalcapuchos.com\/?page_id=16512"},"modified":"2025-03-28T09:21:03","modified_gmt":"2025-03-28T09:21:03","slug":"conversas-dos-capuchos_2024","status":"publish","type":"page","link":"https:\/\/lab.festivalcapuchos.com\/pt\/conversas-dos-capuchos_2024\/","title":{"rendered":"Conversas dos Capuchos_2024"},"content":{"rendered":"\t\t<div data-elementor-type=\"wp-page\" data-elementor-id=\"16512\" class=\"elementor elementor-16512\" data-elementor-post-type=\"page\">\n\t\t\t\t\t\t<section class=\"elementor-section elementor-top-section elementor-element elementor-element-51f3094 elementor-section-boxed elementor-section-height-default elementor-section-height-default\" data-id=\"51f3094\" data-element_type=\"section\" data-e-type=\"section\" data-settings=\"{&quot;background_background&quot;:&quot;classic&quot;}\">\n\t\t\t\t\t\t<div class=\"elementor-container elementor-column-gap-default\">\n\t\t\t\t\t<div class=\"elementor-column elementor-col-100 elementor-top-column elementor-element elementor-element-bcb8676\" data-id=\"bcb8676\" data-element_type=\"column\" data-e-type=\"column\">\n\t\t\t<div class=\"elementor-widget-wrap elementor-element-populated\">\n\t\t\t\t\t\t<div class=\"elementor-element elementor-element-58c0703 elementor-widget elementor-widget-heading\" data-id=\"58c0703\" data-element_type=\"widget\" data-e-type=\"widget\" data-widget_type=\"heading.default\">\n\t\t\t\t<div class=\"elementor-widget-container\">\n\t\t\t\t\t<h2 class=\"elementor-heading-title elementor-size-default\">Edi\u00e7\u00e3o 2024<\/h2>\t\t\t\t<\/div>\n\t\t\t\t<\/div>\n\t\t\t\t<div class=\"elementor-element elementor-element-17b9b9a elementor-widget elementor-widget-spacer\" data-id=\"17b9b9a\" data-element_type=\"widget\" data-e-type=\"widget\" data-widget_type=\"spacer.default\">\n\t\t\t\t<div class=\"elementor-widget-container\">\n\t\t\t\t\t\t\t<div class=\"elementor-spacer\">\n\t\t\t<div class=\"elementor-spacer-inner\"><\/div>\n\t\t<\/div>\n\t\t\t\t\t\t<\/div>\n\t\t\t\t<\/div>\n\t\t\t\t\t<\/div>\n\t\t<\/div>\n\t\t\t\t\t<\/div>\n\t\t<\/section>\n\t\t\t\t<section class=\"elementor-section elementor-top-section elementor-element elementor-element-0f391d4 elementor-section-boxed elementor-section-height-default elementor-section-height-default\" data-id=\"0f391d4\" data-element_type=\"section\" data-e-type=\"section\" data-settings=\"{&quot;background_background&quot;:&quot;classic&quot;}\">\n\t\t\t\t\t\t<div class=\"elementor-container elementor-column-gap-default\">\n\t\t\t\t\t<div class=\"elementor-column elementor-col-25 elementor-top-column elementor-element elementor-element-55a7169\" data-id=\"55a7169\" data-element_type=\"column\" data-e-type=\"column\">\n\t\t\t<div class=\"elementor-widget-wrap\">\n\t\t\t\t\t\t\t<\/div>\n\t\t<\/div>\n\t\t\t\t<div class=\"elementor-column elementor-col-50 elementor-top-column elementor-element elementor-element-008ba36\" data-id=\"008ba36\" data-element_type=\"column\" data-e-type=\"column\">\n\t\t\t<div class=\"elementor-widget-wrap elementor-element-populated\">\n\t\t\t\t\t\t<div class=\"elementor-element elementor-element-49360af elementor-widget elementor-widget-text-editor\" data-id=\"49360af\" data-element_type=\"widget\" data-e-type=\"widget\" data-widget_type=\"text-editor.default\">\n\t\t\t\t<div class=\"elementor-widget-container\">\n\t\t\t\t\t\t\t\t\t<h2><strong>CONVERSAS DOS CAPUCHOS<\/strong><\/h2><h4><span style=\"text-decoration: underline;\"><br \/>CONVENTO dos CAPUCHOS<\/span><\/h4>\t\t\t\t\t\t\t\t<\/div>\n\t\t\t\t<\/div>\n\t\t\t\t<div class=\"elementor-element elementor-element-4f9dbb7 elementor-widget elementor-widget-text-editor\" data-id=\"4f9dbb7\" data-element_type=\"widget\" data-e-type=\"widget\" data-widget_type=\"text-editor.default\">\n\t\t\t\t<div class=\"elementor-widget-container\">\n\t\t\t\t\t\t\t\t\t<p style=\"text-align: left;\">Se h\u00e1 efem\u00e9ride a merecer aten\u00e7\u00e3o especial, em 2024, essa ser\u00e1 sem d\u00favida a dos 500 anos do nascimento do maior poeta de l\u00edngua portuguesa: Lu\u00eds Vaz de Cam\u00f5es. A identidade portuguesa foi em grande medida forjada nos dez Cantos de \u2018Os Lus\u00edadas\u2019. Mesmo tendo em conta as mudan\u00e7as de sensibilidade entretanto ocorridas, \u201co engenho e a arte\u201d do Poeta faz com que continuemos a identific\u00e1-lo com o idioma em que nos exprimimos, \u201ca l\u00edngua de Cam\u00f5es\u201d.<br \/>No rol de efem\u00e9rides a que dedicaremos uma das sess\u00f5es das Conversas dos Capuchos, temos este ano o centen\u00e1rio do nascimento de Sebasti\u00e3o da Gama, poeta da Arr\u00e1bida e precursor de uma sensibilidade ambientalista muito \u00e0 frente do seu tempo.<br \/>O ano de 2024 \u00e9 tamb\u00e9m o ano em que se assinala o centen\u00e1rio da morte de um dos grandes vision\u00e1rios da literatura do s\u00e9culo XX. De tal modo que mesmo quem nunca o leu est\u00e1 familiarizado com o adjectivo criado a partir do seu nome incontorn\u00e1vel e da obra que nos deixou: todos sabemos o significado da palavra \u201ckafkiano\u201d, gerado a partir do nome de Franz Kafka; talvez n\u00e3o haja melhor forma de homenagem a uma obra liter\u00e1ria do que esta implanta\u00e7\u00e3o na linguagem comum.<br \/>A partir destas tr\u00eas efem\u00e9rides teremos tr\u00eas encontros coloquiais, juntando a nossa curiosidade de leitores comuns ao saber de quem conhece bem a obra destes tr\u00eas not\u00e1veis criadores liter\u00e1rios.\u00a0<\/p><p style=\"text-align: right;\"><b>Carlos Vaz Marques<br \/><\/b>Curador e moderador das Conversas dos Capuchos<\/p>\t\t\t\t\t\t\t\t<\/div>\n\t\t\t\t<\/div>\n\t\t\t\t\t<\/div>\n\t\t<\/div>\n\t\t\t\t<div class=\"elementor-column elementor-col-25 elementor-top-column elementor-element elementor-element-71af076\" data-id=\"71af076\" data-element_type=\"column\" data-e-type=\"column\">\n\t\t\t<div class=\"elementor-widget-wrap\">\n\t\t\t\t\t\t\t<\/div>\n\t\t<\/div>\n\t\t\t\t\t<\/div>\n\t\t<\/section>\n\t\t\t\t<section class=\"elementor-section elementor-top-section elementor-element elementor-element-1fb93492 elementor-section-boxed elementor-section-height-default elementor-section-height-default\" data-id=\"1fb93492\" data-element_type=\"section\" data-e-type=\"section\" data-settings=\"{&quot;background_background&quot;:&quot;classic&quot;}\">\n\t\t\t\t\t\t<div class=\"elementor-container elementor-column-gap-default\">\n\t\t\t\t\t<div class=\"elementor-column elementor-col-33 elementor-top-column elementor-element elementor-element-53dd81d7\" data-id=\"53dd81d7\" data-element_type=\"column\" data-e-type=\"column\">\n\t\t\t<div class=\"elementor-widget-wrap\">\n\t\t\t\t\t\t\t<\/div>\n\t\t<\/div>\n\t\t\t\t<div class=\"elementor-column elementor-col-33 elementor-top-column elementor-element elementor-element-71c4e3b8\" data-id=\"71c4e3b8\" data-element_type=\"column\" data-e-type=\"column\">\n\t\t\t<div class=\"elementor-widget-wrap\">\n\t\t\t\t\t\t\t<\/div>\n\t\t<\/div>\n\t\t\t\t<div class=\"elementor-column elementor-col-33 elementor-top-column elementor-element elementor-element-797cfcfc\" data-id=\"797cfcfc\" data-element_type=\"column\" data-e-type=\"column\">\n\t\t\t<div class=\"elementor-widget-wrap\">\n\t\t\t\t\t\t\t<\/div>\n\t\t<\/div>\n\t\t\t\t\t<\/div>\n\t\t<\/section>\n\t\t\t\t<section class=\"elementor-section elementor-top-section elementor-element elementor-element-6345375 elementor-section-boxed elementor-section-height-default elementor-section-height-default\" data-id=\"6345375\" data-element_type=\"section\" data-e-type=\"section\" data-settings=\"{&quot;background_background&quot;:&quot;classic&quot;}\">\n\t\t\t\t\t\t<div class=\"elementor-container elementor-column-gap-default\">\n\t\t\t\t\t<div class=\"elementor-column elementor-col-20 elementor-top-column elementor-element elementor-element-4333ceb\" data-id=\"4333ceb\" data-element_type=\"column\" data-e-type=\"column\">\n\t\t\t<div class=\"elementor-widget-wrap\">\n\t\t\t\t\t\t\t<\/div>\n\t\t<\/div>\n\t\t\t\t<div class=\"elementor-column elementor-col-20 elementor-top-column elementor-element elementor-element-f3f876c\" data-id=\"f3f876c\" data-element_type=\"column\" data-e-type=\"column\">\n\t\t\t<div class=\"elementor-widget-wrap elementor-element-populated\">\n\t\t\t\t\t\t<div class=\"elementor-element elementor-element-09e6b89 elementor-widget elementor-widget-image\" data-id=\"09e6b89\" data-element_type=\"widget\" data-e-type=\"widget\" data-widget_type=\"image.default\">\n\t\t\t\t<div class=\"elementor-widget-container\">\n\t\t\t\t\t\t\t\t\t\t\t\t\t\t\t<img fetchpriority=\"high\" decoding=\"async\" width=\"740\" height=\"740\" src=\"https:\/\/lab.festivalcapuchos.com\/wp-content\/uploads\/2024\/04\/kafka.jpg\" class=\"attachment-large size-large wp-image-14156\" alt=\"\" srcset=\"https:\/\/lab.festivalcapuchos.com\/wp-content\/uploads\/2024\/04\/kafka.jpg 740w, https:\/\/lab.festivalcapuchos.com\/wp-content\/uploads\/2024\/04\/kafka-300x300.jpg 300w, https:\/\/lab.festivalcapuchos.com\/wp-content\/uploads\/2024\/04\/kafka-150x150.jpg 150w, https:\/\/lab.festivalcapuchos.com\/wp-content\/uploads\/2024\/04\/kafka-12x12.jpg 12w, https:\/\/lab.festivalcapuchos.com\/wp-content\/uploads\/2024\/04\/kafka-600x600.jpg 600w\" sizes=\"(max-width: 740px) 100vw, 740px\" \/>\t\t\t\t\t\t\t\t\t\t\t\t\t\t\t<\/div>\n\t\t\t\t<\/div>\n\t\t\t\t<div class=\"elementor-element elementor-element-d5cc7c9 elementor-widget elementor-widget-text-editor\" data-id=\"d5cc7c9\" data-element_type=\"widget\" data-e-type=\"widget\" data-settings=\"{&quot;_animation&quot;:&quot;none&quot;}\" data-widget_type=\"text-editor.default\">\n\t\t\t\t<div class=\"elementor-widget-container\">\n\t\t\t\t\t\t\t\t\t<h2>1 JUNHO S\u00c1BADO<\/h2><h5>18h00<\/h5><h4><strong>Conversa dos Capuchos 1<\/strong><\/h4><div><b><i><span lang=\"PT\">O sobressalto de um adjectivo<\/span><\/i><\/b><\/div><p><b><i><br \/><\/i><\/b>no centen\u00e1rio da morte de<strong>\u00a0Franz Kafka<\/strong><\/p><p>Com\u00a0<strong>Carlos Vaz Marques, Nuno Amado<\/strong>\u00a0e\u00a0<strong>Jos\u00e9 Gardeazabal<\/strong><\/p>\t\t\t\t\t\t\t\t<\/div>\n\t\t\t\t<\/div>\n\t\t\t\t\t<\/div>\n\t\t<\/div>\n\t\t\t\t<div class=\"elementor-column elementor-col-20 elementor-top-column elementor-element elementor-element-901d802\" data-id=\"901d802\" data-element_type=\"column\" data-e-type=\"column\">\n\t\t\t<div class=\"elementor-widget-wrap elementor-element-populated\">\n\t\t\t\t\t\t<div class=\"elementor-element elementor-element-6774271 elementor-widget elementor-widget-image\" data-id=\"6774271\" data-element_type=\"widget\" data-e-type=\"widget\" data-widget_type=\"image.default\">\n\t\t\t\t<div class=\"elementor-widget-container\">\n\t\t\t\t\t\t\t\t\t\t\t\t\t\t\t<img decoding=\"async\" width=\"740\" height=\"740\" src=\"https:\/\/lab.festivalcapuchos.com\/wp-content\/uploads\/2024\/04\/camoes.jpg\" class=\"attachment-large size-large wp-image-14154\" alt=\"\" srcset=\"https:\/\/lab.festivalcapuchos.com\/wp-content\/uploads\/2024\/04\/camoes.jpg 740w, https:\/\/lab.festivalcapuchos.com\/wp-content\/uploads\/2024\/04\/camoes-300x300.jpg 300w, https:\/\/lab.festivalcapuchos.com\/wp-content\/uploads\/2024\/04\/camoes-150x150.jpg 150w, https:\/\/lab.festivalcapuchos.com\/wp-content\/uploads\/2024\/04\/camoes-12x12.jpg 12w, https:\/\/lab.festivalcapuchos.com\/wp-content\/uploads\/2024\/04\/camoes-600x600.jpg 600w\" sizes=\"(max-width: 740px) 100vw, 740px\" \/>\t\t\t\t\t\t\t\t\t\t\t\t\t\t\t<\/div>\n\t\t\t\t<\/div>\n\t\t\t\t<div class=\"elementor-element elementor-element-fd2a0e5 elementor-widget elementor-widget-text-editor\" data-id=\"fd2a0e5\" data-element_type=\"widget\" data-e-type=\"widget\" data-widget_type=\"text-editor.default\">\n\t\t\t\t<div class=\"elementor-widget-container\">\n\t\t\t\t\t\t\t\t\t<h2>09 JUNHO DOMINGO<\/h2><h5>18h00<\/h5><h4><strong>Conversa dos Capuchos 2<\/strong><\/h4><p><b><i>Engenho e arte de ser portugu\u00eas<\/i><\/b><\/p><p>no quinto centen\u00e1rio de <strong>Lu\u00eds Vaz de Cam\u00f5es<\/strong><\/p><p>Com<strong>\u00a0Carlos Vaz Marques, Jos\u00e9 Carlos Seabra Pereira\u00a0<\/strong>e<strong>\u00a0Maria Bochichio<\/strong><\/p>\t\t\t\t\t\t\t\t<\/div>\n\t\t\t\t<\/div>\n\t\t\t\t\t<\/div>\n\t\t<\/div>\n\t\t\t\t<div class=\"elementor-column elementor-col-20 elementor-top-column elementor-element elementor-element-f9f96dd\" data-id=\"f9f96dd\" data-element_type=\"column\" data-e-type=\"column\">\n\t\t\t<div class=\"elementor-widget-wrap elementor-element-populated\">\n\t\t\t\t\t\t<div class=\"elementor-element elementor-element-9fe720d elementor-widget elementor-widget-image\" data-id=\"9fe720d\" data-element_type=\"widget\" data-e-type=\"widget\" data-widget_type=\"image.default\">\n\t\t\t\t<div class=\"elementor-widget-container\">\n\t\t\t\t\t\t\t\t\t\t\t\t\t\t\t<img decoding=\"async\" width=\"740\" height=\"740\" src=\"https:\/\/lab.festivalcapuchos.com\/wp-content\/uploads\/2024\/04\/seb.gama_-1.jpg\" class=\"attachment-large size-large wp-image-14153\" alt=\"\" srcset=\"https:\/\/lab.festivalcapuchos.com\/wp-content\/uploads\/2024\/04\/seb.gama_-1.jpg 740w, https:\/\/lab.festivalcapuchos.com\/wp-content\/uploads\/2024\/04\/seb.gama_-1-300x300.jpg 300w, https:\/\/lab.festivalcapuchos.com\/wp-content\/uploads\/2024\/04\/seb.gama_-1-150x150.jpg 150w, https:\/\/lab.festivalcapuchos.com\/wp-content\/uploads\/2024\/04\/seb.gama_-1-12x12.jpg 12w, https:\/\/lab.festivalcapuchos.com\/wp-content\/uploads\/2024\/04\/seb.gama_-1-600x600.jpg 600w\" sizes=\"(max-width: 740px) 100vw, 740px\" \/>\t\t\t\t\t\t\t\t\t\t\t\t\t\t\t<\/div>\n\t\t\t\t<\/div>\n\t\t\t\t<div class=\"elementor-element elementor-element-f4e1b70 elementor-widget elementor-widget-text-editor\" data-id=\"f4e1b70\" data-element_type=\"widget\" data-e-type=\"widget\" data-widget_type=\"text-editor.default\">\n\t\t\t\t<div class=\"elementor-widget-container\">\n\t\t\t\t\t\t\t\t\t<h2>15 JUNHO s\u00e1bado<\/h2><h5>18h00<\/h5><h4><strong>Conversa dos Capuchos 3<\/strong><\/h4><p><b><i>O esp\u00edrito po\u00e9tico da Natureza<\/i><\/b><\/p><p>no centen\u00e1rio do nascimento de <strong>Sebasti\u00e3o da Gama<\/strong><\/p><p>Com\u00a0<strong>Carlos Vaz Marques<\/strong>,\u00a0<strong>Viriato Soromenho-Marques<\/strong>\u00a0e\u00a0<strong>Alberto Manguel<\/strong><\/p>\t\t\t\t\t\t\t\t<\/div>\n\t\t\t\t<\/div>\n\t\t\t\t\t<\/div>\n\t\t<\/div>\n\t\t\t\t<div class=\"elementor-column elementor-col-20 elementor-top-column elementor-element elementor-element-20d7193\" data-id=\"20d7193\" data-element_type=\"column\" data-e-type=\"column\">\n\t\t\t<div class=\"elementor-widget-wrap\">\n\t\t\t\t\t\t\t<\/div>\n\t\t<\/div>\n\t\t\t\t\t<\/div>\n\t\t<\/section>\n\t\t\t\t<section class=\"elementor-section elementor-top-section elementor-element elementor-element-70968e2a elementor-section-boxed elementor-section-height-default elementor-section-height-default\" data-id=\"70968e2a\" data-element_type=\"section\" data-e-type=\"section\">\n\t\t\t\t\t\t<div class=\"elementor-container elementor-column-gap-default\">\n\t\t\t\t\t\t<\/div>\n\t\t<\/section>\n\t\t\t\t<section class=\"elementor-section elementor-top-section elementor-element elementor-element-739eeef9 elementor-section-boxed elementor-section-height-default elementor-section-height-default\" data-id=\"739eeef9\" data-element_type=\"section\" data-e-type=\"section\">\n\t\t\t\t\t\t<div class=\"elementor-container elementor-column-gap-default\">\n\t\t\t\t\t\t<\/div>\n\t\t<\/section>\n\t\t\t\t<section class=\"elementor-section elementor-top-section elementor-element elementor-element-62bdd5a8 elementor-section-boxed elementor-section-height-default elementor-section-height-default\" data-id=\"62bdd5a8\" data-element_type=\"section\" data-e-type=\"section\">\n\t\t\t\t\t\t<div class=\"elementor-container elementor-column-gap-default\">\n\t\t\t\t\t\t<\/div>\n\t\t<\/section>\n\t\t\t\t<\/div>\n\t\t","protected":false},"excerpt":{"rendered":"<p>Edi\u00e7\u00e3o 2024 CONVERSAS DOS CAPUCHOS CONVENTO dos CAPUCHOS Se h\u00e1 efem\u00e9ride a merecer aten\u00e7\u00e3o especial, em 2024, essa ser\u00e1 sem d\u00favida a dos 500 anos do nascimento do maior poeta de l\u00edngua portuguesa: Lu\u00eds Vaz de Cam\u00f5es. A identidade portuguesa foi em grande medida forjada nos dez Cantos de \u2018Os Lus\u00edadas\u2019. Mesmo tendo em conta [&hellip;]<\/p>\n","protected":false},"author":13,"featured_media":0,"parent":0,"menu_order":0,"comment_status":"closed","ping_status":"closed","template":"","meta":{"_acf_changed":false,"ocean_post_layout":"","ocean_both_sidebars_style":"","ocean_both_sidebars_content_width":0,"ocean_both_sidebars_sidebars_width":0,"ocean_sidebar":"0","ocean_second_sidebar":"0","ocean_disable_margins":"enable","ocean_add_body_class":"","ocean_shortcode_before_top_bar":"","ocean_shortcode_after_top_bar":"","ocean_shortcode_before_header":"","ocean_shortcode_after_header":"","ocean_has_shortcode":"","ocean_shortcode_after_title":"","ocean_shortcode_before_footer_widgets":"","ocean_shortcode_after_footer_widgets":"","ocean_shortcode_before_footer_bottom":"","ocean_shortcode_after_footer_bottom":"","ocean_display_top_bar":"default","ocean_display_header":"default","ocean_header_style":"","ocean_center_header_left_menu":"0","ocean_custom_header_template":"0","ocean_custom_logo":0,"ocean_custom_retina_logo":0,"ocean_custom_logo_max_width":0,"ocean_custom_logo_tablet_max_width":0,"ocean_custom_logo_mobile_max_width":0,"ocean_custom_logo_max_height":0,"ocean_custom_logo_tablet_max_height":0,"ocean_custom_logo_mobile_max_height":0,"ocean_header_custom_menu":"0","ocean_menu_typo_font_family":"0","ocean_menu_typo_font_subset":"","ocean_menu_typo_font_size":0,"ocean_menu_typo_font_size_tablet":0,"ocean_menu_typo_font_size_mobile":0,"ocean_menu_typo_font_size_unit":"px","ocean_menu_typo_font_weight":"","ocean_menu_typo_font_weight_tablet":"","ocean_menu_typo_font_weight_mobile":"","ocean_menu_typo_transform":"","ocean_menu_typo_transform_tablet":"","ocean_menu_typo_transform_mobile":"","ocean_menu_typo_line_height":0,"ocean_menu_typo_line_height_tablet":0,"ocean_menu_typo_line_height_mobile":0,"ocean_menu_typo_line_height_unit":"","ocean_menu_typo_spacing":0,"ocean_menu_typo_spacing_tablet":0,"ocean_menu_typo_spacing_mobile":0,"ocean_menu_typo_spacing_unit":"","ocean_menu_link_color":"","ocean_menu_link_color_hover":"","ocean_menu_link_color_active":"","ocean_menu_link_background":"","ocean_menu_link_hover_background":"","ocean_menu_link_active_background":"","ocean_menu_social_links_bg":"","ocean_menu_social_hover_links_bg":"","ocean_menu_social_links_color":"","ocean_menu_social_hover_links_color":"","ocean_disable_title":"default","ocean_disable_heading":"default","ocean_post_title":"","ocean_post_subheading":"","ocean_post_title_style":"","ocean_post_title_background_color":"","ocean_post_title_background":0,"ocean_post_title_bg_image_position":"","ocean_post_title_bg_image_attachment":"","ocean_post_title_bg_image_repeat":"","ocean_post_title_bg_image_size":"","ocean_post_title_height":0,"ocean_post_title_bg_overlay":0.5,"ocean_post_title_bg_overlay_color":"","ocean_disable_breadcrumbs":"default","ocean_breadcrumbs_color":"","ocean_breadcrumbs_separator_color":"","ocean_breadcrumbs_links_color":"","ocean_breadcrumbs_links_hover_color":"","ocean_display_footer_widgets":"default","ocean_display_footer_bottom":"default","ocean_custom_footer_template":"0","footnotes":""},"class_list":["post-16512","page","type-page","status-publish","hentry","entry"],"acf":[],"aioseo_notices":[],"_links":{"self":[{"href":"https:\/\/lab.festivalcapuchos.com\/pt\/wp-json\/wp\/v2\/pages\/16512","targetHints":{"allow":["GET"]}}],"collection":[{"href":"https:\/\/lab.festivalcapuchos.com\/pt\/wp-json\/wp\/v2\/pages"}],"about":[{"href":"https:\/\/lab.festivalcapuchos.com\/pt\/wp-json\/wp\/v2\/types\/page"}],"author":[{"embeddable":true,"href":"https:\/\/lab.festivalcapuchos.com\/pt\/wp-json\/wp\/v2\/users\/13"}],"replies":[{"embeddable":true,"href":"https:\/\/lab.festivalcapuchos.com\/pt\/wp-json\/wp\/v2\/comments?post=16512"}],"version-history":[{"count":10,"href":"https:\/\/lab.festivalcapuchos.com\/pt\/wp-json\/wp\/v2\/pages\/16512\/revisions"}],"predecessor-version":[{"id":16828,"href":"https:\/\/lab.festivalcapuchos.com\/pt\/wp-json\/wp\/v2\/pages\/16512\/revisions\/16828"}],"wp:attachment":[{"href":"https:\/\/lab.festivalcapuchos.com\/pt\/wp-json\/wp\/v2\/media?parent=16512"}],"curies":[{"name":"wp","href":"https:\/\/api.w.org\/{rel}","templated":true}]}}