{"id":16519,"date":"2025-03-09T11:08:39","date_gmt":"2025-03-09T11:08:39","guid":{"rendered":"https:\/\/festivalcapuchos.com\/?page_id=16519"},"modified":"2025-03-28T11:00:15","modified_gmt":"2025-03-28T11:00:15","slug":"preludios-masterclasses-caminhada_2024","status":"publish","type":"page","link":"https:\/\/lab.festivalcapuchos.com\/pt\/preludios-masterclasses-caminhada_2024\/","title":{"rendered":"Prel\u00fadios, Masterclasses, Caminhada_2024"},"content":{"rendered":"\t\t<div data-elementor-type=\"wp-page\" data-elementor-id=\"16519\" class=\"elementor elementor-16519\" data-elementor-post-type=\"page\">\n\t\t\t\t\t\t<section class=\"elementor-section elementor-top-section elementor-element elementor-element-2726f51 elementor-section-full_width elementor-section-height-default elementor-section-height-default\" data-id=\"2726f51\" data-element_type=\"section\" data-e-type=\"section\" data-settings=\"{&quot;background_background&quot;:&quot;classic&quot;}\">\n\t\t\t\t\t\t<div class=\"elementor-container elementor-column-gap-no\">\n\t\t\t\t\t<div class=\"elementor-column elementor-col-100 elementor-top-column elementor-element elementor-element-bafafb5\" data-id=\"bafafb5\" data-element_type=\"column\" data-e-type=\"column\">\n\t\t\t<div class=\"elementor-widget-wrap elementor-element-populated\">\n\t\t\t\t\t\t<div class=\"elementor-element elementor-element-975ee62 elementor-widget elementor-widget-heading\" data-id=\"975ee62\" data-element_type=\"widget\" data-e-type=\"widget\" data-widget_type=\"heading.default\">\n\t\t\t\t<div class=\"elementor-widget-container\">\n\t\t\t\t\t<h2 class=\"elementor-heading-title elementor-size-default\">Edi\u00e7\u00e3o 2024<\/h2>\t\t\t\t<\/div>\n\t\t\t\t<\/div>\n\t\t\t\t<div class=\"elementor-element elementor-element-3b76f4d elementor-widget elementor-widget-image\" data-id=\"3b76f4d\" data-element_type=\"widget\" data-e-type=\"widget\" data-widget_type=\"image.default\">\n\t\t\t\t<div class=\"elementor-widget-container\">\n\t\t\t\t\t\t\t\t\t\t\t\t\t\t\t<img fetchpriority=\"high\" decoding=\"async\" width=\"2000\" height=\"400\" src=\"https:\/\/lab.festivalcapuchos.com\/wp-content\/uploads\/2023\/03\/banner-home3.png\" class=\"attachment-full size-full wp-image-11300\" alt=\"\" srcset=\"https:\/\/lab.festivalcapuchos.com\/wp-content\/uploads\/2023\/03\/banner-home3.png 2000w, https:\/\/lab.festivalcapuchos.com\/wp-content\/uploads\/2023\/03\/banner-home3-300x60.png 300w, https:\/\/lab.festivalcapuchos.com\/wp-content\/uploads\/2023\/03\/banner-home3-1024x205.png 1024w, https:\/\/lab.festivalcapuchos.com\/wp-content\/uploads\/2023\/03\/banner-home3-768x154.png 768w, https:\/\/lab.festivalcapuchos.com\/wp-content\/uploads\/2023\/03\/banner-home3-1536x307.png 1536w, https:\/\/lab.festivalcapuchos.com\/wp-content\/uploads\/2023\/03\/banner-home3-18x4.png 18w\" sizes=\"(max-width: 2000px) 100vw, 2000px\" \/>\t\t\t\t\t\t\t\t\t\t\t\t\t\t\t<\/div>\n\t\t\t\t<\/div>\n\t\t\t\t\t<\/div>\n\t\t<\/div>\n\t\t\t\t\t<\/div>\n\t\t<\/section>\n\t\t\t\t<section class=\"elementor-section elementor-top-section elementor-element elementor-element-3fec17a4 elementor-section-boxed elementor-section-height-default elementor-section-height-default\" data-id=\"3fec17a4\" data-element_type=\"section\" data-e-type=\"section\">\n\t\t\t\t\t\t<div class=\"elementor-container elementor-column-gap-default\">\n\t\t\t\t\t\t<\/div>\n\t\t<\/section>\n\t\t\t\t<section class=\"elementor-section elementor-top-section elementor-element elementor-element-43302b7 elementor-section-boxed elementor-section-height-default elementor-section-height-default\" data-id=\"43302b7\" data-element_type=\"section\" data-e-type=\"section\">\n\t\t\t\t\t\t<div class=\"elementor-container elementor-column-gap-default\">\n\t\t\t\t\t\t<\/div>\n\t\t<\/section>\n\t\t\t\t<section class=\"elementor-section elementor-top-section elementor-element elementor-element-1c9f0a8f elementor-section-boxed elementor-section-height-default elementor-section-height-default\" data-id=\"1c9f0a8f\" data-element_type=\"section\" data-e-type=\"section\">\n\t\t\t\t\t\t<div class=\"elementor-container elementor-column-gap-default\">\n\t\t\t\t\t\t<\/div>\n\t\t<\/section>\n\t\t\t\t<section class=\"elementor-section elementor-top-section elementor-element elementor-element-484b0d06 elementor-section-boxed elementor-section-height-default elementor-section-height-default\" data-id=\"484b0d06\" data-element_type=\"section\" data-e-type=\"section\">\n\t\t\t\t\t\t<div class=\"elementor-container elementor-column-gap-default\">\n\t\t\t\t\t\t<\/div>\n\t\t<\/section>\n\t\t\t\t<section class=\"elementor-section elementor-top-section elementor-element elementor-element-45d9fd30 elementor-section-boxed elementor-section-height-default elementor-section-height-default\" data-id=\"45d9fd30\" data-element_type=\"section\" data-e-type=\"section\" data-settings=\"{&quot;background_background&quot;:&quot;classic&quot;}\">\n\t\t\t\t\t\t<div class=\"elementor-container elementor-column-gap-default\">\n\t\t\t\t\t<div class=\"elementor-column elementor-col-25 elementor-top-column elementor-element elementor-element-de81026\" data-id=\"de81026\" data-element_type=\"column\" data-e-type=\"column\">\n\t\t\t<div class=\"elementor-widget-wrap\">\n\t\t\t\t\t\t\t<\/div>\n\t\t<\/div>\n\t\t\t\t<div class=\"elementor-column elementor-col-50 elementor-top-column elementor-element elementor-element-2d790566\" data-id=\"2d790566\" data-element_type=\"column\" data-e-type=\"column\">\n\t\t\t<div class=\"elementor-widget-wrap elementor-element-populated\">\n\t\t\t\t\t\t<div class=\"elementor-element elementor-element-6c055873 elementor-widget-mobile__width-initial elementor-widget elementor-widget-text-editor\" data-id=\"6c055873\" data-element_type=\"widget\" data-e-type=\"widget\" data-widget_type=\"text-editor.default\">\n\t\t\t\t<div class=\"elementor-widget-container\">\n\t\t\t\t\t\t\t\t\t<h2>\u00a0PREL\u00daDIOS DOS CAPUCHOS\u00a0<\/h2><h1><strong>29 MAIO 4\u00aa feira 18h00<\/strong><\/h1><h3>Teatro Municipal Joaquim Benite<\/h3><h5><strong>Prel\u00fadio dos Capuchos 1<\/strong><\/h5><div><strong>\u201cSobre ideias de liberdade ao longo da hist\u00f3ria da m\u00fasica\u201d<\/strong><br \/>Conversa pr\u00e9-concerto com\u00a0<strong>Jo\u00e3o Almeida<\/strong>\u00a0e\u00a0<strong>Filipe Pinto-Ribeiro<\/strong><\/div><div>\u00a0<\/div><div>\u00a0<\/div><div><h1><strong>02 JUNHO Domingo 18h00<\/strong><\/h1><h3>Teatro Municipal Joaquim Benite<\/h3><h5><strong>Prel\u00fadio dos Capuchos 2<\/strong><\/h5><div><strong>\u201cSobre a \u00f3pera Na Col\u00f3nia Penal\u201d<\/strong><br \/>Conversa pr\u00e9-concerto com\u00a0<strong>Jo\u00e3o Almeida<\/strong>\u00a0e\u00a0<strong>Miguel Loureiro<\/strong><\/div><div>\u00a0<\/div><div>\u00a0<\/div><\/div><div><h1><strong>8 JUNHO Domingo 16h00<\/strong><\/h1><h3>Convento dos Capuchos<\/h3><h5><strong>Prel\u00fadio dos Capuchos 3<\/strong><\/h5><div><b>\u00a0\u201cSobre a Liberdade de Recompor\u201d<\/b><b><i><br \/><\/i><\/b>Conversa pr\u00e9-concerto com\u00a0<b>Jo\u00e3o Almeida<\/b>,<b>\u00a0Elsa de Lacerda e Pedro Sousa Silva\u00a0<\/b><\/div><\/div><div>\u00a0<\/div><div>\u00a0<\/div><h2>Caminhada dos Capuchos<\/h2><h1><strong>15 JUNHO S\u00e1bado 10h00<\/strong><\/h1><p>Convento dos Capuchos<\/p><p><em>Paisagem Protegida dos Capuchos &#8211; Fauna, flora e geologia em redor do Convento<\/em><br \/>Dura\u00e7\u00e3o: 2 horas<br \/>Dist\u00e2ncia: 2 km<\/p><p>Integrada na Paisagem Protegida da Arriba F\u00f3ssil da Costa da Caparica, a envolvente do Convento dos Capuchos apresenta valores naturais importantes, que importa conhecer e valorizar. Participe numa visita guiada com t\u00e9cnicos especializados e venha descobrir a fauna, flora e geologia existentes n\u00e3o s\u00f3 nos Jardins do Convento, mas tamb\u00e9m no Miradouro dos Capuchos, nas Terras da Costa e na arriba f\u00f3ssil.<\/p><p>Inscri\u00e7\u00e3o gratuita para o email: <a href=\"mailto:info@festivalcapuchos.cominfo@festivalcapuchos.com\">info@festivalcapuchos.com<\/a><\/p><h2>\u00a0<\/h2><h2>Visita dos Capuchos<\/h2><h1><strong>9 JUNHO Domingo 16h00<\/strong><\/h1><p>Convento dos Capuchos<\/p><p>Visita cultural ao patrim\u00f3nio hist\u00f3rico do Convento dos Capuchos pelo historiador Rui Mendes<br \/>Dura\u00e7\u00e3o: 1 hora<\/p><p>Inscri\u00e7\u00e3o gratuita para o email: <a href=\"mailto:info@festivalcapuchos.com\">info@festivalcapuchos.com<\/a><\/p><h2>Masterclasses dos Capuchos<\/h2><h1><strong>23 JUNHO 6\u00aa Feira 10h00<\/strong><\/h1><p>Convento dos Capuchos<\/p><ul><li><b>Violino:<\/b>\u00a0com<b>\u00a0<a href=\"https:\/\/festivalcapuchos.com\/pt\/artista\/carolin-widmann\/\">Carolin Widmann<\/a> \u2013\u00a0<\/b>Professora na Universidade de Leipzig<\/li><li><b>Viola:<\/b>\u00a0com\u00a0<b><a href=\"https:\/\/festivalcapuchos.com\/pt\/artista\/lilli-maijala\/\">Lilli Maijala<\/a> \u2013\u00a0<\/b>Professora na Academia Sibelius de Hels\u00ednquia<\/li><li><b>Violoncelo:<\/b>\u00a0com<b>\u00a0<a href=\"https:\/\/festivalcapuchos.com\/pt\/artista\/christian-poltera\/\">Christian Polt\u00e9ra<\/a> \u2013\u00a0<\/b>Professor na Universidade de Lucerna<\/li><\/ul>\t\t\t\t\t\t\t\t<\/div>\n\t\t\t\t<\/div>\n\t\t\t\t\t<\/div>\n\t\t<\/div>\n\t\t\t\t<div class=\"elementor-column elementor-col-25 elementor-top-column elementor-element elementor-element-3d9b9e81\" data-id=\"3d9b9e81\" data-element_type=\"column\" data-e-type=\"column\">\n\t\t\t<div class=\"elementor-widget-wrap\">\n\t\t\t\t\t\t\t<\/div>\n\t\t<\/div>\n\t\t\t\t\t<\/div>\n\t\t<\/section>\n\t\t\t\t<section class=\"elementor-section elementor-top-section elementor-element elementor-element-643eab1 elementor-section-boxed elementor-section-height-default elementor-section-height-default\" data-id=\"643eab1\" data-element_type=\"section\" data-e-type=\"section\" data-settings=\"{&quot;background_background&quot;:&quot;classic&quot;}\">\n\t\t\t\t\t\t<div class=\"elementor-container elementor-column-gap-default\">\n\t\t\t\t\t<div class=\"elementor-column elementor-col-100 elementor-top-column elementor-element elementor-element-b3e080d\" data-id=\"b3e080d\" data-element_type=\"column\" data-e-type=\"column\">\n\t\t\t<div class=\"elementor-widget-wrap elementor-element-populated\">\n\t\t\t\t\t\t<div class=\"elementor-element elementor-element-3768e92 elementor-widget elementor-widget-spacer\" data-id=\"3768e92\" data-element_type=\"widget\" data-e-type=\"widget\" data-widget_type=\"spacer.default\">\n\t\t\t\t<div class=\"elementor-widget-container\">\n\t\t\t\t\t\t\t<div class=\"elementor-spacer\">\n\t\t\t<div class=\"elementor-spacer-inner\"><\/div>\n\t\t<\/div>\n\t\t\t\t\t\t<\/div>\n\t\t\t\t<\/div>\n\t\t\t\t\t<\/div>\n\t\t<\/div>\n\t\t\t\t\t<\/div>\n\t\t<\/section>\n\t\t\t\t<\/div>\n\t\t","protected":false},"excerpt":{"rendered":"<p>Edi\u00e7\u00e3o 2024 \u00a0PREL\u00daDIOS DOS CAPUCHOS\u00a0 29 MAIO 4\u00aa feira 18h00 Teatro Municipal Joaquim Benite Prel\u00fadio dos Capuchos 1 \u201cSobre ideias de liberdade ao longo da hist\u00f3ria da m\u00fasica\u201dConversa pr\u00e9-concerto com\u00a0Jo\u00e3o Almeida\u00a0e\u00a0Filipe Pinto-Ribeiro\u00a0\u00a0 02 JUNHO Domingo 18h00 Teatro Municipal Joaquim Benite Prel\u00fadio dos Capuchos 2 \u201cSobre a \u00f3pera Na Col\u00f3nia Penal\u201dConversa pr\u00e9-concerto com\u00a0Jo\u00e3o Almeida\u00a0e\u00a0Miguel Loureiro\u00a0\u00a0 8 [&hellip;]<\/p>\n","protected":false},"author":13,"featured_media":0,"parent":0,"menu_order":0,"comment_status":"closed","ping_status":"closed","template":"","meta":{"_acf_changed":false,"ocean_post_layout":"","ocean_both_sidebars_style":"","ocean_both_sidebars_content_width":0,"ocean_both_sidebars_sidebars_width":0,"ocean_sidebar":"0","ocean_second_sidebar":"0","ocean_disable_margins":"enable","ocean_add_body_class":"","ocean_shortcode_before_top_bar":"","ocean_shortcode_after_top_bar":"","ocean_shortcode_before_header":"","ocean_shortcode_after_header":"","ocean_has_shortcode":"","ocean_shortcode_after_title":"","ocean_shortcode_before_footer_widgets":"","ocean_shortcode_after_footer_widgets":"","ocean_shortcode_before_footer_bottom":"","ocean_shortcode_after_footer_bottom":"","ocean_display_top_bar":"default","ocean_display_header":"default","ocean_header_style":"","ocean_center_header_left_menu":"0","ocean_custom_header_template":"0","ocean_custom_logo":0,"ocean_custom_retina_logo":0,"ocean_custom_logo_max_width":0,"ocean_custom_logo_tablet_max_width":0,"ocean_custom_logo_mobile_max_width":0,"ocean_custom_logo_max_height":0,"ocean_custom_logo_tablet_max_height":0,"ocean_custom_logo_mobile_max_height":0,"ocean_header_custom_menu":"0","ocean_menu_typo_font_family":"0","ocean_menu_typo_font_subset":"","ocean_menu_typo_font_size":0,"ocean_menu_typo_font_size_tablet":0,"ocean_menu_typo_font_size_mobile":0,"ocean_menu_typo_font_size_unit":"px","ocean_menu_typo_font_weight":"","ocean_menu_typo_font_weight_tablet":"","ocean_menu_typo_font_weight_mobile":"","ocean_menu_typo_transform":"","ocean_menu_typo_transform_tablet":"","ocean_menu_typo_transform_mobile":"","ocean_menu_typo_line_height":0,"ocean_menu_typo_line_height_tablet":0,"ocean_menu_typo_line_height_mobile":0,"ocean_menu_typo_line_height_unit":"","ocean_menu_typo_spacing":0,"ocean_menu_typo_spacing_tablet":0,"ocean_menu_typo_spacing_mobile":0,"ocean_menu_typo_spacing_unit":"","ocean_menu_link_color":"","ocean_menu_link_color_hover":"","ocean_menu_link_color_active":"","ocean_menu_link_background":"","ocean_menu_link_hover_background":"","ocean_menu_link_active_background":"","ocean_menu_social_links_bg":"","ocean_menu_social_hover_links_bg":"","ocean_menu_social_links_color":"","ocean_menu_social_hover_links_color":"","ocean_disable_title":"default","ocean_disable_heading":"default","ocean_post_title":"","ocean_post_subheading":"","ocean_post_title_style":"","ocean_post_title_background_color":"","ocean_post_title_background":0,"ocean_post_title_bg_image_position":"","ocean_post_title_bg_image_attachment":"","ocean_post_title_bg_image_repeat":"","ocean_post_title_bg_image_size":"","ocean_post_title_height":0,"ocean_post_title_bg_overlay":0.5,"ocean_post_title_bg_overlay_color":"","ocean_disable_breadcrumbs":"default","ocean_breadcrumbs_color":"","ocean_breadcrumbs_separator_color":"","ocean_breadcrumbs_links_color":"","ocean_breadcrumbs_links_hover_color":"","ocean_display_footer_widgets":"default","ocean_display_footer_bottom":"default","ocean_custom_footer_template":"0","footnotes":""},"class_list":["post-16519","page","type-page","status-publish","hentry","entry"],"acf":[],"aioseo_notices":[],"_links":{"self":[{"href":"https:\/\/lab.festivalcapuchos.com\/pt\/wp-json\/wp\/v2\/pages\/16519","targetHints":{"allow":["GET"]}}],"collection":[{"href":"https:\/\/lab.festivalcapuchos.com\/pt\/wp-json\/wp\/v2\/pages"}],"about":[{"href":"https:\/\/lab.festivalcapuchos.com\/pt\/wp-json\/wp\/v2\/types\/page"}],"author":[{"embeddable":true,"href":"https:\/\/lab.festivalcapuchos.com\/pt\/wp-json\/wp\/v2\/users\/13"}],"replies":[{"embeddable":true,"href":"https:\/\/lab.festivalcapuchos.com\/pt\/wp-json\/wp\/v2\/comments?post=16519"}],"version-history":[{"count":7,"href":"https:\/\/lab.festivalcapuchos.com\/pt\/wp-json\/wp\/v2\/pages\/16519\/revisions"}],"predecessor-version":[{"id":16899,"href":"https:\/\/lab.festivalcapuchos.com\/pt\/wp-json\/wp\/v2\/pages\/16519\/revisions\/16899"}],"wp:attachment":[{"href":"https:\/\/lab.festivalcapuchos.com\/pt\/wp-json\/wp\/v2\/media?parent=16519"}],"curies":[{"name":"wp","href":"https:\/\/api.w.org\/{rel}","templated":true}]}}