{"id":18055,"date":"2026-02-10T15:11:43","date_gmt":"2026-02-10T15:11:43","guid":{"rendered":"https:\/\/lab.festivalcapuchos.com\/?page_id=18055"},"modified":"2026-02-10T15:14:10","modified_gmt":"2026-02-10T15:14:10","slug":"introducao_2025","status":"publish","type":"page","link":"https:\/\/lab.festivalcapuchos.com\/pt\/introducao_2025\/","title":{"rendered":"Introdu\u00e7\u00e3o_2025"},"content":{"rendered":"\t\t<div data-elementor-type=\"wp-page\" data-elementor-id=\"18055\" class=\"elementor elementor-18055\" data-elementor-post-type=\"page\">\n\t\t\t\t\t\t<section class=\"elementor-section elementor-top-section elementor-element elementor-element-4396e446 elementor-section-boxed elementor-section-height-default elementor-section-height-default\" data-id=\"4396e446\" data-element_type=\"section\" data-e-type=\"section\">\n\t\t\t\t\t\t<div class=\"elementor-container elementor-column-gap-default\">\n\t\t\t\t\t\t<\/div>\n\t\t<\/section>\n\t\t\t\t<section class=\"elementor-section elementor-top-section elementor-element elementor-element-60b0ad8 elementor-section-full_width elementor-section-height-default elementor-section-height-default\" data-id=\"60b0ad8\" data-element_type=\"section\" data-e-type=\"section\" data-settings=\"{&quot;background_background&quot;:&quot;classic&quot;}\">\n\t\t\t\t\t\t<div class=\"elementor-container elementor-column-gap-no\">\n\t\t\t\t\t<div class=\"elementor-column elementor-col-100 elementor-top-column elementor-element elementor-element-7f7b768\" data-id=\"7f7b768\" data-element_type=\"column\" data-e-type=\"column\">\n\t\t\t<div class=\"elementor-widget-wrap elementor-element-populated\">\n\t\t\t\t\t\t<div class=\"elementor-element elementor-element-a59d25c elementor-widget elementor-widget-heading\" data-id=\"a59d25c\" data-element_type=\"widget\" data-e-type=\"widget\" data-widget_type=\"heading.default\">\n\t\t\t\t<div class=\"elementor-widget-container\">\n\t\t\t\t\t<h2 class=\"elementor-heading-title elementor-size-default\">Edi\u00e7\u00e3o 2025<\/h2>\t\t\t\t<\/div>\n\t\t\t\t<\/div>\n\t\t\t\t<div class=\"elementor-element elementor-element-fc6a5bf elementor-widget elementor-widget-image\" data-id=\"fc6a5bf\" data-element_type=\"widget\" data-e-type=\"widget\" data-widget_type=\"image.default\">\n\t\t\t\t<div class=\"elementor-widget-container\">\n\t\t\t\t\t\t\t\t\t\t\t\t\t\t\t<img decoding=\"async\" width=\"300\" height=\"113\" src=\"https:\/\/lab.festivalcapuchos.com\/wp-content\/uploads\/2024\/04\/PNG-Gaivota-300x113.png\" class=\"attachment-medium size-medium wp-image-16046\" alt=\"\" srcset=\"https:\/\/lab.festivalcapuchos.com\/wp-content\/uploads\/2024\/04\/PNG-Gaivota-300x113.png 300w, https:\/\/lab.festivalcapuchos.com\/wp-content\/uploads\/2024\/04\/PNG-Gaivota-1024x387.png 1024w, https:\/\/lab.festivalcapuchos.com\/wp-content\/uploads\/2024\/04\/PNG-Gaivota-768x291.png 768w, https:\/\/lab.festivalcapuchos.com\/wp-content\/uploads\/2024\/04\/PNG-Gaivota-18x7.png 18w, https:\/\/lab.festivalcapuchos.com\/wp-content\/uploads\/2024\/04\/PNG-Gaivota.png 1319w\" sizes=\"(max-width: 300px) 100vw, 300px\" \/>\t\t\t\t\t\t\t\t\t\t\t\t\t\t\t<\/div>\n\t\t\t\t<\/div>\n\t\t\t\t\t<\/div>\n\t\t<\/div>\n\t\t\t\t\t<\/div>\n\t\t<\/section>\n\t\t\t\t<section class=\"elementor-section elementor-top-section elementor-element elementor-element-e5347a0 elementor-section-boxed elementor-section-height-default elementor-section-height-default\" data-id=\"e5347a0\" data-element_type=\"section\" data-e-type=\"section\" data-settings=\"{&quot;background_background&quot;:&quot;classic&quot;}\">\n\t\t\t\t\t\t<div class=\"elementor-container elementor-column-gap-default\">\n\t\t\t\t\t<div class=\"elementor-column elementor-col-16 elementor-top-column elementor-element elementor-element-c228a43\" data-id=\"c228a43\" data-element_type=\"column\" data-e-type=\"column\">\n\t\t\t<div class=\"elementor-widget-wrap\">\n\t\t\t\t\t\t\t<\/div>\n\t\t<\/div>\n\t\t\t\t<div class=\"elementor-column elementor-col-66 elementor-top-column elementor-element elementor-element-d82bfe2\" data-id=\"d82bfe2\" data-element_type=\"column\" data-e-type=\"column\">\n\t\t\t<div class=\"elementor-widget-wrap elementor-element-populated\">\n\t\t\t\t\t\t<div class=\"elementor-element elementor-element-26a85c8 elementor-widget elementor-widget-text-editor\" data-id=\"26a85c8\" data-element_type=\"widget\" data-e-type=\"widget\" data-widget_type=\"text-editor.default\">\n\t\t\t\t<div class=\"elementor-widget-container\">\n\t\t\t\t\t\t\t\t\t<main id=\"main\" class=\"site-main clr\" role=\"main\"><div class=\"elementor elementor-13683 elementor-location-single post-16697 post type-post status-publish format-standard has-post-thumbnail hentry category-ano-em-curso category-introducao ano-17 ano-corrente entry has-media\" data-elementor-type=\"single-post\" data-elementor-id=\"13683\" data-elementor-post-type=\"elementor_library\"><div class=\"elementor-element elementor-element-49985d7 e-flex e-con-boxed e-con e-parent\" data-id=\"49985d7\" data-element_type=\"container\" data-e-type=\"container\"><div class=\"e-con-inner\"><div class=\"elementor-element elementor-element-5256158 align-dce-justify elementor-widget elementor-widget-dyncontel-acf\" data-id=\"5256158\" data-element_type=\"widget\" data-e-type=\"widget\" data-settings=\"{&quot;acf_field_list&quot;:&quot;texto_topo&quot;,&quot;acf_type&quot;:&quot;text&quot;}\" data-widget_type=\"dyncontel-acf.default\"><div class=\"elementor-widget-container\"><div class=\"dynamic-content-for-elementor-acf \"><p style=\"text-align: center;\"><strong>Festival dos Capuchos 2025<\/strong><br \/><em>Entre Mundos<\/em><\/p><p>Bem-vindos ao Festival dos Capuchos 2025!<\/p><p>Na sua quinta edi\u00e7\u00e3o consecutiva, ap\u00f3s o ressurgimento em 2021, o Festival dos Capuchos apresenta o tema Entre Mundos e prop\u00f5e uma reflex\u00e3o art\u00edstica sobre a interculturalidade, a diversidade, o fasc\u00ednio e o di\u00e1logo entre m\u00faltiplas dimens\u00f5es \u2014 civilizacionais, temporais e espirituais \u2014 que se entrela\u00e7am e se revelam atrav\u00e9s da M\u00fasica, linguagem universal presente em todas as sociedades.<\/p><p>Entre 30 de Maio e 27 de Junho, Almada volta a ser palco deste evento cultural de grande dimens\u00e3o, reunindo artistas de renome nacional e internacional. Os concertos ter\u00e3o lugar no Convento dos Capuchos, matriz espiritual do Festival, mas tamb\u00e9m noutros espa\u00e7os da cidade, como o Teatro Municipal Joaquim Benite, o Audit\u00f3rio Fernando Lopes-Gra\u00e7a e, pela primeira vez, o Parque da Paz, onde se realizar\u00e1 um concerto sinf\u00f3nico ao ar livre.<\/p><p>Entre os grandes destaques desta edi\u00e7\u00e3o est\u00e1 a estreia em Portugal da Orquestra de C\u00e2mara Sueca \u201cMusica Vitae\u201d, que abrir\u00e1 o Festival com dois concertos dirigidos e protagonizados pelo virtuoso violinista austr\u00edaco Benjamin Schmid. No programa inaugural, obras de Mozart e Tchaikovsky tra\u00e7am pontes entre tradi\u00e7\u00f5es e geografias. No segundo concerto, Schmid apresenta o seu projecto Jazz Violin Concertos, que explora a fus\u00e3o entre composi\u00e7\u00e3o cl\u00e1ssica e improvisa\u00e7\u00e3o jazz\u00edstica, numa estreia absoluta em solo nacional.<\/p><p>O esp\u00edrito \u201centre mundos\u201d continua com o The Naghash Ensemble of Armenia, num programa que cruza m\u00fasica sacra medieval arm\u00e9nia com influ\u00eancias contempor\u00e2neas, jazz e p\u00f3s-minimalismo. Outro momento marcante ser\u00e1 o concerto \u201cA Hist\u00f3ria do Tango\u201d, liderado pelo bandoneonista Marcelo Nisinman, disc\u00edpulo directo de Astor Piazzolla, num tributo \u00e0s ra\u00edzes e \u00e0 evolu\u00e7\u00e3o do tango argentino.<\/p><p>No dom\u00ednio da m\u00fasica antiga, o Festival prop\u00f5e dois concertos de forte dimens\u00e3o hist\u00f3rica e po\u00e9tica. \u201cA M\u00fasica da L\u00edrica Camoniana\u201d, pelo Concerto Atl\u00e2ntico dirigido por Pedro Caldeira Cabral, assinala os 500 anos do nascimento de Lu\u00eds de Cam\u00f5es, recuperando pr\u00e1ticas musicais renascentistas. J\u00e1 o Ensemble Barroco Tra Noi apresenta \u201cTelemann<br \/>goes East\u201d, explorando o di\u00e1logo entre o barroco alem\u00e3o e as tradi\u00e7\u00f5es populares da Europa de Leste.<\/p><p>Na \u00e1rea da m\u00fasica contempor\u00e2nea e do pensamento musical, o centen\u00e1rio de Pierre Boulez ser\u00e1 assinalado com um recital do clarinetista J\u00e9r\u00f4me Comte, solista do Ensemble Intercontemporain de Paris, fundado pelo pr\u00f3prio Boulez em 1976. O programa \u201cBoulez 100\u201d inclui obras de Boulez, Berio, Donatoni, Grisey e Stravinsky, revelando diversas<br \/>linguagens da modernidade musical europeia. Por sua vez, o concerto \u201cNoite Transfigurada\u201d homenageia Daniel Barenboim, reunindo solistas da Academia Barenboim-Said e da West-Eastern Divan Orchestra, com obras de Brahms e Sch\u00f6nberg, s\u00edmbolos de um romantismo transfigurado e vision\u00e1rio.<\/p><p>A presen\u00e7a nacional faz-se sentir com nomes de refer\u00eancia como: a Orquestra Metropolitana de Lisboa, dirigida por Pedro Neves, que tocar\u00e1 no Parque da Paz a c\u00e9lebre Sinfonia \u201cDo Novo Mundo\u201d, de Dvo\u0159\u00e1k, e obras de Rossini e Brahms; o DSCH \u2013 Schostakovich Ensemble, que interpretar\u00e1 Dvo\u0159\u00e1k, Schubert e uma estreia absoluta do compositor S\u00e9rgio Azevedo; o quinteto 100 Caminhos, protagonista de um original \u201cconcerto-passeio\u201d pelo Convento dos Capuchos. Tamb\u00e9m o Jo\u00e3o Barradas Trio apresentar\u00e1 Aperture, um projecto de jazz contempor\u00e2neo com forte componente autoral.<\/p><p>No campo do piano, teremos dois recitais: Dang Thai Son, lend\u00e1rio vencedor do Concurso Chopin de Vars\u00f3via, apresenta- se com um programa centrado em Chopin e Debussy; e eu prestarei tributo ao g\u00e9nio po\u00e9tico e transcendental de Franz Liszt, numa viagem entre o sonho, o amor e o virtuosismo.<\/p><p>O Festival dos Capuchos \u00e9 tamb\u00e9m um espa\u00e7o de pensamento e partilha. As Conversas dos Capuchos, com curadoria de Carlos Vaz Marques, antecedem o<br \/>Festival com tr\u00eas sess\u00f5es dedicadas ao centen\u00e1rio de Jos\u00e9 Cardoso Pires, ao centen\u00e1rio da publica\u00e7\u00e3o de \u201cO Processo\u201d, de Franz Kafka, e a uma reflex\u00e3o sobre o pr\u00f3prio tema do Festival \u2013 Entre Mundos.<br \/>Outras actividades paralelas enriquecem o Festival: os Prel\u00fadios dos Capuchos \u2014 conversas pr\u00e9-concerto moderadas por Jo\u00e3o Almeida; a Caminhada dos Capuchos na Paisagem Protegida da Arriba F\u00f3ssil da Costa da Caparica; a Visita Guiada ao Convento dos Capuchos; e as Masterclasses dos Capuchos, com destacados professores das Universidades de Salzburgo, Oslo e Lucerna.<\/p><p>Com especial alegria, apresentamos tamb\u00e9m, pela primeira vez, a iniciativa \u00d3pera para Crian\u00e7as, com sess\u00f5es da \u00f3pera \u201cBastien et Bastienne\u201d, de Mozart, numa produ\u00e7\u00e3o dirigida por Ant\u00f3nio Wagner Diniz, destinada ao p\u00fablico do Pr\u00e9-Escolar e do 1.\u00ba Ciclo.<\/p><p>A realiza\u00e7\u00e3o do Festival dos Capuchos 2025 \u00e9 poss\u00edvel gra\u00e7as ao apoio, em primeiro lugar, da C\u00e2mara Municipal de Almada, do mecenas BPI\/Funda\u00e7\u00e3o \u201dla Caixa\u201d e da Direc\u00e7\u00e3o-Geral das Artes. O nosso agradecimento aos parceiros Companhia de Teatro de Almada, \u00c2mbito Cultural do El Corte Ingl\u00e9s e RTP Antena 2. Uma palavra especial de reconhecimento a Sua Excel\u00eancia o Presidente da Rep\u00fablica, pelo Alto Patroc\u00ednio concedido ao Festival.<\/p><p>Convidamos-vos a atravessarem connosco estes \u201cmundos\u201d sonoros e simb\u00f3licos.<br \/>Que a M\u00fasica nos guie, nos inspire e nos una \u2013 entre mundos e para al\u00e9m deles.<\/p><\/div><\/div><\/div><div class=\"elementor-element elementor-element-50d9e07 align-dce-left elementor-widget elementor-widget-dyncontel-acf\" data-id=\"50d9e07\" data-element_type=\"widget\" data-e-type=\"widget\" data-settings=\"{&quot;acf_field_list&quot;:&quot;autor_intro&quot;,&quot;acf_type&quot;:&quot;text&quot;}\" data-widget_type=\"dyncontel-acf.default\"><div class=\"elementor-widget-container\"><div class=\"dynamic-content-for-elementor-acf \">Filipe Pinto-Ribeiro<\/div><\/div><\/div><div class=\"elementor-element elementor-element-7db3fc2 elementor-widget__width-inherit align-dce-left elementor-widget elementor-widget-dyncontel-acf\" data-id=\"7db3fc2\" data-element_type=\"widget\" data-e-type=\"widget\" data-settings=\"{&quot;acf_field_list&quot;:&quot;cargo_autor&quot;,&quot;acf_type&quot;:&quot;text&quot;}\" data-widget_type=\"dyncontel-acf.default\"><div class=\"elementor-widget-container\"><div class=\"dynamic-content-for-elementor-acf \">Director Art\u00edstico do Festival de M\u00fasica dos Capuchos<\/div><\/div><\/div><\/div><\/div><\/div><\/main><div class=\"ekit-template-content-markup ekit-template-content-footer\"><div class=\"elementor elementor-12295\" data-elementor-type=\"wp-post\" data-elementor-id=\"12295\" data-elementor-post-type=\"elementskit_template\"><div class=\"elementor-element elementor-element-68a1f80 e-flex e-con-boxed e-con e-parent\" data-id=\"68a1f80\" data-element_type=\"container\" data-e-type=\"container\"><div class=\"e-con-inner\"><div class=\"elementor-element elementor-element-363e603 elementor-hidden-mobile elementor-widget elementor-widget-image\" data-id=\"363e603\" data-element_type=\"widget\" data-e-type=\"widget\" data-widget_type=\"image.default\">\u00a0<\/div><\/div><\/div><\/div><\/div>\t\t\t\t\t\t\t\t<\/div>\n\t\t\t\t<\/div>\n\t\t\t\t<div class=\"elementor-element elementor-element-e31a9e2 elementor-widget elementor-widget-spacer\" data-id=\"e31a9e2\" data-element_type=\"widget\" data-e-type=\"widget\" data-widget_type=\"spacer.default\">\n\t\t\t\t<div class=\"elementor-widget-container\">\n\t\t\t\t\t\t\t<div class=\"elementor-spacer\">\n\t\t\t<div class=\"elementor-spacer-inner\"><\/div>\n\t\t<\/div>\n\t\t\t\t\t\t<\/div>\n\t\t\t\t<\/div>\n\t\t\t\t\t<\/div>\n\t\t<\/div>\n\t\t\t\t<div class=\"elementor-column elementor-col-16 elementor-top-column elementor-element elementor-element-29fee08\" data-id=\"29fee08\" data-element_type=\"column\" data-e-type=\"column\">\n\t\t\t<div class=\"elementor-widget-wrap\">\n\t\t\t\t\t\t\t<\/div>\n\t\t<\/div>\n\t\t\t\t\t<\/div>\n\t\t<\/section>\n\t\t\t\t<\/div>\n\t\t","protected":false},"excerpt":{"rendered":"<p>Edi\u00e7\u00e3o 2025 Festival dos Capuchos 2025Entre Mundos Bem-vindos ao Festival dos Capuchos 2025! Na sua quinta edi\u00e7\u00e3o consecutiva, ap\u00f3s o ressurgimento em 2021, o Festival dos Capuchos apresenta o tema Entre Mundos e prop\u00f5e uma reflex\u00e3o art\u00edstica sobre a interculturalidade, a diversidade, o fasc\u00ednio e o di\u00e1logo entre m\u00faltiplas dimens\u00f5es \u2014 civilizacionais, temporais e espirituais [&hellip;]<\/p>\n","protected":false},"author":13,"featured_media":0,"parent":0,"menu_order":0,"comment_status":"closed","ping_status":"closed","template":"","meta":{"_acf_changed":false,"ocean_post_layout":"","ocean_both_sidebars_style":"","ocean_both_sidebars_content_width":0,"ocean_both_sidebars_sidebars_width":0,"ocean_sidebar":"0","ocean_second_sidebar":"0","ocean_disable_margins":"enable","ocean_add_body_class":"","ocean_shortcode_before_top_bar":"","ocean_shortcode_after_top_bar":"","ocean_shortcode_before_header":"","ocean_shortcode_after_header":"","ocean_has_shortcode":"","ocean_shortcode_after_title":"","ocean_shortcode_before_footer_widgets":"","ocean_shortcode_after_footer_widgets":"","ocean_shortcode_before_footer_bottom":"","ocean_shortcode_after_footer_bottom":"","ocean_display_top_bar":"default","ocean_display_header":"default","ocean_header_style":"","ocean_center_header_left_menu":"0","ocean_custom_header_template":"0","ocean_custom_logo":0,"ocean_custom_retina_logo":0,"ocean_custom_logo_max_width":0,"ocean_custom_logo_tablet_max_width":0,"ocean_custom_logo_mobile_max_width":0,"ocean_custom_logo_max_height":0,"ocean_custom_logo_tablet_max_height":0,"ocean_custom_logo_mobile_max_height":0,"ocean_header_custom_menu":"0","ocean_menu_typo_font_family":"0","ocean_menu_typo_font_subset":"","ocean_menu_typo_font_size":0,"ocean_menu_typo_font_size_tablet":0,"ocean_menu_typo_font_size_mobile":0,"ocean_menu_typo_font_size_unit":"px","ocean_menu_typo_font_weight":"","ocean_menu_typo_font_weight_tablet":"","ocean_menu_typo_font_weight_mobile":"","ocean_menu_typo_transform":"","ocean_menu_typo_transform_tablet":"","ocean_menu_typo_transform_mobile":"","ocean_menu_typo_line_height":0,"ocean_menu_typo_line_height_tablet":0,"ocean_menu_typo_line_height_mobile":0,"ocean_menu_typo_line_height_unit":"","ocean_menu_typo_spacing":0,"ocean_menu_typo_spacing_tablet":0,"ocean_menu_typo_spacing_mobile":0,"ocean_menu_typo_spacing_unit":"","ocean_menu_link_color":"","ocean_menu_link_color_hover":"","ocean_menu_link_color_active":"","ocean_menu_link_background":"","ocean_menu_link_hover_background":"","ocean_menu_link_active_background":"","ocean_menu_social_links_bg":"","ocean_menu_social_hover_links_bg":"","ocean_menu_social_links_color":"","ocean_menu_social_hover_links_color":"","ocean_disable_title":"default","ocean_disable_heading":"default","ocean_post_title":"","ocean_post_subheading":"","ocean_post_title_style":"","ocean_post_title_background_color":"","ocean_post_title_background":0,"ocean_post_title_bg_image_position":"","ocean_post_title_bg_image_attachment":"","ocean_post_title_bg_image_repeat":"","ocean_post_title_bg_image_size":"","ocean_post_title_height":0,"ocean_post_title_bg_overlay":0.5,"ocean_post_title_bg_overlay_color":"","ocean_disable_breadcrumbs":"default","ocean_breadcrumbs_color":"","ocean_breadcrumbs_separator_color":"","ocean_breadcrumbs_links_color":"","ocean_breadcrumbs_links_hover_color":"","ocean_display_footer_widgets":"default","ocean_display_footer_bottom":"default","ocean_custom_footer_template":"0","footnotes":""},"class_list":["post-18055","page","type-page","status-publish","hentry","entry"],"acf":[],"aioseo_notices":[],"_links":{"self":[{"href":"https:\/\/lab.festivalcapuchos.com\/pt\/wp-json\/wp\/v2\/pages\/18055","targetHints":{"allow":["GET"]}}],"collection":[{"href":"https:\/\/lab.festivalcapuchos.com\/pt\/wp-json\/wp\/v2\/pages"}],"about":[{"href":"https:\/\/lab.festivalcapuchos.com\/pt\/wp-json\/wp\/v2\/types\/page"}],"author":[{"embeddable":true,"href":"https:\/\/lab.festivalcapuchos.com\/pt\/wp-json\/wp\/v2\/users\/13"}],"replies":[{"embeddable":true,"href":"https:\/\/lab.festivalcapuchos.com\/pt\/wp-json\/wp\/v2\/comments?post=18055"}],"version-history":[{"count":4,"href":"https:\/\/lab.festivalcapuchos.com\/pt\/wp-json\/wp\/v2\/pages\/18055\/revisions"}],"predecessor-version":[{"id":18059,"href":"https:\/\/lab.festivalcapuchos.com\/pt\/wp-json\/wp\/v2\/pages\/18055\/revisions\/18059"}],"wp:attachment":[{"href":"https:\/\/lab.festivalcapuchos.com\/pt\/wp-json\/wp\/v2\/media?parent=18055"}],"curies":[{"name":"wp","href":"https:\/\/api.w.org\/{rel}","templated":true}]}}