{"id":3707,"date":"2023-03-13T13:44:14","date_gmt":"2023-03-13T13:44:14","guid":{"rendered":"https:\/\/festivalcapuchos.com\/?page_id=3707"},"modified":"2024-04-14T11:16:33","modified_gmt":"2024-04-14T10:16:33","slug":"introducao_2023","status":"publish","type":"page","link":"https:\/\/lab.festivalcapuchos.com\/pt\/introducao_2023\/","title":{"rendered":"Introdu\u00e7\u00e3o_2023"},"content":{"rendered":"\t\t<div data-elementor-type=\"wp-page\" data-elementor-id=\"3707\" class=\"elementor elementor-3707\" data-elementor-post-type=\"page\">\n\t\t\t\t\t\t<section class=\"elementor-section elementor-top-section elementor-element elementor-element-4396e446 elementor-section-boxed elementor-section-height-default elementor-section-height-default\" data-id=\"4396e446\" data-element_type=\"section\" data-e-type=\"section\">\n\t\t\t\t\t\t<div class=\"elementor-container elementor-column-gap-default\">\n\t\t\t\t\t\t<\/div>\n\t\t<\/section>\n\t\t\t\t<section class=\"elementor-section elementor-top-section elementor-element elementor-element-60b0ad8 elementor-section-full_width elementor-section-height-default elementor-section-height-default\" data-id=\"60b0ad8\" data-element_type=\"section\" data-e-type=\"section\" data-settings=\"{&quot;background_background&quot;:&quot;classic&quot;}\">\n\t\t\t\t\t\t<div class=\"elementor-container elementor-column-gap-no\">\n\t\t\t\t\t<div class=\"elementor-column elementor-col-100 elementor-top-column elementor-element elementor-element-7f7b768\" data-id=\"7f7b768\" data-element_type=\"column\" data-e-type=\"column\">\n\t\t\t<div class=\"elementor-widget-wrap elementor-element-populated\">\n\t\t\t\t\t\t<div class=\"elementor-element elementor-element-a59d25c elementor-widget elementor-widget-heading\" data-id=\"a59d25c\" data-element_type=\"widget\" data-e-type=\"widget\" data-widget_type=\"heading.default\">\n\t\t\t\t<div class=\"elementor-widget-container\">\n\t\t\t\t\t<h2 class=\"elementor-heading-title elementor-size-default\">Edi\u00e7\u00e3o 2023<\/h2>\t\t\t\t<\/div>\n\t\t\t\t<\/div>\n\t\t\t\t<div class=\"elementor-element elementor-element-0f971d2 elementor-widget elementor-widget-image\" data-id=\"0f971d2\" data-element_type=\"widget\" data-e-type=\"widget\" data-widget_type=\"image.default\">\n\t\t\t\t<div class=\"elementor-widget-container\">\n\t\t\t\t\t\t\t\t\t\t\t\t\t\t\t<img fetchpriority=\"high\" decoding=\"async\" width=\"2000\" height=\"400\" src=\"https:\/\/lab.festivalcapuchos.com\/wp-content\/uploads\/2023\/03\/banner-home2.png\" class=\"attachment-full size-full wp-image-11310\" alt=\"\" srcset=\"https:\/\/lab.festivalcapuchos.com\/wp-content\/uploads\/2023\/03\/banner-home2.png 2000w, https:\/\/lab.festivalcapuchos.com\/wp-content\/uploads\/2023\/03\/banner-home2-300x60.png 300w, https:\/\/lab.festivalcapuchos.com\/wp-content\/uploads\/2023\/03\/banner-home2-1024x205.png 1024w, https:\/\/lab.festivalcapuchos.com\/wp-content\/uploads\/2023\/03\/banner-home2-768x154.png 768w, https:\/\/lab.festivalcapuchos.com\/wp-content\/uploads\/2023\/03\/banner-home2-1536x307.png 1536w, https:\/\/lab.festivalcapuchos.com\/wp-content\/uploads\/2023\/03\/banner-home2-18x4.png 18w\" sizes=\"(max-width: 2000px) 100vw, 2000px\" \/>\t\t\t\t\t\t\t\t\t\t\t\t\t\t\t<\/div>\n\t\t\t\t<\/div>\n\t\t\t\t\t<\/div>\n\t\t<\/div>\n\t\t\t\t\t<\/div>\n\t\t<\/section>\n\t\t\t\t<section class=\"elementor-section elementor-top-section elementor-element elementor-element-e5347a0 elementor-section-boxed elementor-section-height-default elementor-section-height-default\" data-id=\"e5347a0\" data-element_type=\"section\" data-e-type=\"section\" data-settings=\"{&quot;background_background&quot;:&quot;classic&quot;}\">\n\t\t\t\t\t\t<div class=\"elementor-container elementor-column-gap-default\">\n\t\t\t\t\t<div class=\"elementor-column elementor-col-16 elementor-top-column elementor-element elementor-element-c228a43\" data-id=\"c228a43\" data-element_type=\"column\" data-e-type=\"column\">\n\t\t\t<div class=\"elementor-widget-wrap\">\n\t\t\t\t\t\t\t<\/div>\n\t\t<\/div>\n\t\t\t\t<div class=\"elementor-column elementor-col-66 elementor-top-column elementor-element elementor-element-d82bfe2\" data-id=\"d82bfe2\" data-element_type=\"column\" data-e-type=\"column\">\n\t\t\t<div class=\"elementor-widget-wrap elementor-element-populated\">\n\t\t\t\t\t\t<div class=\"elementor-element elementor-element-26a85c8 elementor-widget elementor-widget-text-editor\" data-id=\"26a85c8\" data-element_type=\"widget\" data-e-type=\"widget\" data-widget_type=\"text-editor.default\">\n\t\t\t\t<div class=\"elementor-widget-container\">\n\t\t\t\t\t\t\t\t\t<p style=\"text-align: right;\"><span style=\"color: #999999;\"><i>Na Primavera, flores de cerejeira, no Ver\u00e3o, o cuco. <\/i><\/span><br \/><span style=\"color: #999999;\"><i>No Outono, a lua, e no Inverno, a neve, clara, fria.<\/i><\/span><br \/><span style=\"color: #999999;\">Eihei Dogen (1200-1253)\u00a0<\/span><\/p><p style=\"font-variant-ligatures: normal; font-variant-caps: normal; font-family: Vollkorn, sans-serif; font-size: 17px; font-style: normal; font-weight: 500; letter-spacing: 0.9px;\">O Festival de M\u00fasica dos Capuchos 2023 \u00e9 inspirado nas esta\u00e7\u00f5es do ano, construindo um arco de quatro s\u00e9culos que abre com as incontorn\u00e1veis\u00a0<em style=\"font-size: 17px;\">Le Quattro Stagioni<\/em>, compostas por Vivaldi h\u00e1 300 anos, e encerra com a estreia em Portugal de\u00a0<em style=\"font-size: 17px;\">The American Four Seasons<\/em>, que Philip Glass escreveu em 2009, a que se juntam os ciclos de esta\u00e7\u00f5es de Tchaikovsky, no s\u00e9c. XIX, e de Piazzolla, no s\u00e9c. XX.<u style=\"font-size: 17px;\"><\/u><u style=\"font-size: 17px;\"><\/u><\/p><p style=\"font-variant-ligatures: normal; font-variant-caps: normal; font-family: Vollkorn, sans-serif; font-size: 17px; font-style: normal; font-weight: 500; letter-spacing: 0.9px;\">A sucess\u00e3o das esta\u00e7\u00f5es do ano \u00e9 uma das nossas evid\u00eancias da passagem do tempo e o Festival dos Capuchos 2023 apresentar\u00e1 concertos dedicados a diversas dimens\u00f5es temporais: obras corais do<i style=\"font-size: 17px;\">\u00a0tempo<\/i>\u00a0da funda\u00e7\u00e3o do Convento dos Capuchos, a Renascen\u00e7a; o\u00a0<i style=\"font-size: 17px;\">tempo<\/i>\u00a0da cria\u00e7\u00e3o em\u00a0<em style=\"font-size: 17px;\">La Cr\u00e9ation du Monde<\/em> de Darius Milhaud; repert\u00f3rio inspirado no <i style=\"font-size: 17px;\">tempo<\/i>\u00a0estival, como\u00a0<em style=\"font-size: 17px;\">Les Nuits d\u2019Et\u00e9<\/em>\u00a0de Hector Berlioz,\u00a0<em style=\"font-size: 17px;\">Summer Music<\/em>\u00a0de Samuel Barber,\u00a0<em style=\"font-size: 17px;\">Summertime<\/em>\u00a0de George Gershwin; o\u00a0<i style=\"font-size: 17px;\">tempo<\/i>\u00a0do apocalipse redentor do\u00a0<em style=\"font-size: 17px;\">Quatuor pour la Fin du Temps<\/em>\u00a0de Olivier Messiaen&#8230;<u style=\"font-size: 17px;\"><\/u><u style=\"font-size: 17px;\"><\/u><\/p><p style=\"font-variant-ligatures: normal; font-variant-caps: normal; font-family: Vollkorn, sans-serif; font-size: 17px; font-style: normal; font-weight: 500; letter-spacing: 0.9px;\">O Festival de M\u00fasica dos Capuchos 2023 realiza-se, como habitualmente, no local que lhe d\u00e1 o nome, o Convento dos Capuchos, e, pela primeira vez, apresenta tr\u00eas concertos no Teatro Municipal Joaquim Benite. Estar\u00e3o presentes artistas e ensembles de renome, entre os quais se destacam, internacionalmente, \u201cI Solisti Veneti\u201d, a Orquestra \u201cFranz Liszt\u201d\u00a0de Budapeste e o Quarteto Herm\u00e8s de Paris, a que se juntam agrupamentos de refer\u00eancia nacionais como Officium Ensemble, DSCH Schostakovich Ensemble, 100 Caminhos. Entre os grandes solistas internacionais de v\u00e1rias gera\u00e7\u00f5es que marcar\u00e3o presen\u00e7a, realce para o\u00a0<i style=\"font-size: 17px;\">grand seigneur<\/i>\u00a0do piano Stephen Kovacevich, h\u00e1 mais de meio s\u00e9culo entre a elite mundial, que nos oferece um recital com obras de Ludwig van Beethoven e Alban Berg.<u style=\"font-size: 17px;\"><\/u><u style=\"font-size: 17px;\"><\/u><\/p><p style=\"font-variant-ligatures: normal; font-variant-caps: normal; font-family: Vollkorn, sans-serif; font-size: 17px; font-style: normal; font-weight: 500; letter-spacing: 0.9px;\">Ao longo do festival, ser\u00e3o interpretadas obras de v\u00e1rios compositores portugueses de v\u00e1rios\u00a0<i style=\"font-size: 17px;\">tempos<\/i>, da Renascen\u00e7a \u00e0 m\u00fasica contempor\u00e2nea, com v\u00e1rias estreias absolutas e destaque para o concerto \u201cCarta Branca a Ant\u00f3nio Victorino d\u2019Almeida\u201d, assinalando os seus not\u00e1veis 70 anos de actividade art\u00edstica.<u style=\"font-size: 17px;\"><\/u><u style=\"font-size: 17px;\"><\/u><\/p><p style=\"font-variant-ligatures: normal; font-variant-caps: normal; font-family: Vollkorn, sans-serif; font-size: 17px; font-style: normal; font-weight: 500; letter-spacing: 0.9px;\">\u00c9 ainda de sublinhar que o Festival dos Capuchos 2023 apresentar\u00e1 a estreia em Portugal de obras de dois dos mais influentes compositores das \u00faltimas d\u00e9cadas, nomeadamente\u00a0<i style=\"font-size: 17px;\">Orient &amp; Occident\u00a0<\/i>(2000), do estoniano Arvo P\u00e4rt, e <i style=\"font-size: 17px;\">American Four Seasons<\/i>\u00a0(2009), do norte-americano Philip Glass.<u style=\"font-size: 17px;\"><\/u><u style=\"font-size: 17px;\"><\/u><\/p><p style=\"font-variant-ligatures: normal; font-variant-caps: normal; font-family: Vollkorn, sans-serif; font-size: 17px; font-style: normal; font-weight: 500; letter-spacing: 0.9px;\">O ciclo das j\u00e1 emblem\u00e1ticas \u201cConversas dos Capuchos\u201d, com curadoria e modera\u00e7\u00e3o de Carlos Vaz Marques, ser\u00e1 dedicado aos centen\u00e1rios de tr\u00eas grandes nomes da literatura portuguesa: M\u00e1rio Cesariny de Vasconcelos, Nat\u00e1lia Correia e Eug\u00e9nio de Andrade \u2013 curiosamente nascidos os tr\u00eas precisamente em 1923!<u style=\"font-size: 17px;\"><\/u><u style=\"font-size: 17px;\"><\/u><u style=\"font-size: 17px;\"><\/u>\u00a0<u style=\"font-size: 17px;\"><\/u><\/p><p style=\"font-variant-ligatures: normal; font-variant-caps: normal; font-family: Vollkorn, sans-serif; font-size: 17px; font-style: normal; font-weight: 500; letter-spacing: 0.9px;\">Nesta edi\u00e7\u00e3o de 2023, o Festival dos Capuchos inaugura o seu relevante eixo formativo, com a apresenta\u00e7\u00e3o das Masterclasses dos Capuchos, orientadas por professores dos Conservat\u00f3rios de Paris, Salzburgo e Lucerna.<u style=\"font-size: 17px;\"><\/u><u style=\"font-size: 17px;\"><\/u><\/p><p style=\"font-variant-ligatures: normal; font-variant-caps: normal; font-family: Vollkorn, sans-serif; font-size: 17px; font-style: normal; font-weight: 500; letter-spacing: 0.9px;\">Tamb\u00e9m pela primeira vez, ser\u00e1 apresentado um conjunto conversas pr\u00e9-concertos, denominadas Prel\u00fadios dos Capuchos, com modera\u00e7\u00e3o de Jo\u00e3o Almeida. E o festival ser\u00e1 ainda complementado por actividades de sensibiliza\u00e7\u00e3o ecol\u00f3gica e patrimonial, como uma Visita cultural ao patrim\u00f3nio hist\u00f3rico do Convento dos Capuchos e uma Caminhada na envolvente do Convento, inserido na Paisagem Protegida da Arriba F\u00f3ssil da Costa da Caparica, que apresenta importantes valores naturais que importa conhecer e valorizar.<u style=\"font-size: 17px;\"><\/u><u style=\"font-size: 17px;\"><\/u><u style=\"font-size: 17px;\"><\/u>\u00a0<u style=\"font-size: 17px;\"><\/u><\/p><p style=\"font-variant-ligatures: normal; font-variant-caps: normal; font-family: Vollkorn, sans-serif; font-size: 17px; font-style: normal; font-weight: 500; letter-spacing: 0.9px;\">Detenho-me finalmente na extraordin\u00e1ria m\u00fasica do \u00faltimo concerto deste Festival, o\u00a0<i style=\"font-size: 17px;\">Quarteto para o Fim do Tempo<\/i>, obra-prima estreada durante a 2.\u00aa Guerra Mundial, em 1941, quando Messiaen se encontrava preso num campo nazi e comp\u00f4s este manifesto de f\u00e9 e de reden\u00e7\u00e3o, num\u00a0<i style=\"font-size: 17px;\">tempo<\/i>\u00a0de horror que hoje ecoa com grande estrondo num\u00a0<i style=\"font-size: 17px;\">tempo<\/i> de guerra em que a Europa est\u00e1 mergulhada h\u00e1 mais de um ano&#8230;<u style=\"font-size: 17px;\"><\/u><u style=\"font-size: 17px;\"><\/u><\/p><p style=\"font-variant-ligatures: normal; font-variant-caps: normal; font-family: Vollkorn, sans-serif; font-size: 17px; font-style: normal; font-weight: 500; letter-spacing: 0.9px;\">O objetivo \u00faltimo do Festival dos Capuchos \u00e9 celebrar a arte e a vida em comunidade, construir pontes de compreens\u00e3o e de paz entre os povos por interm\u00e9dio da magn\u00edfica linguagem universal que \u00e9 a m\u00fasica.<u style=\"font-size: 17px;\"><\/u><u style=\"font-size: 17px;\"><\/u><\/p><p style=\"font-variant-ligatures: normal; font-variant-caps: normal; font-family: Vollkorn, sans-serif; font-size: 17px; font-style: normal; font-weight: 500; letter-spacing: 0.9px;\">O meu bem-haja a todos os que tornam poss\u00edvel a realiza\u00e7\u00e3o do Festival de M\u00fasica dos Capuchos, come\u00e7ando pela C\u00e2mara Municipal de Almada e os seus servi\u00e7os municipais, a Direc\u00e7\u00e3o-Geral das Artes, o Mecenas Principal BPI\/Funda\u00e7\u00e3o \u201cla Caixa\u201d, a Companhia de Teatro de Almada, o \u00c2mbito Cultural do El Corte Ingl\u00e9s, a RTP Antena 2 e,\u00a0<i style=\"font-size: 17px;\">last but not least<\/i>, a incans\u00e1vel equipa da DSCH Associa\u00e7\u00e3o Musical respons\u00e1vel pela organiza\u00e7\u00e3o do Festival.<u style=\"font-size: 17px;\"><\/u><u style=\"font-size: 17px;\"><\/u><u style=\"font-size: 17px;\"><\/u>\u00a0<u style=\"font-size: 17px;\"><\/u><\/p><p style=\"font-variant-ligatures: normal; font-variant-caps: normal; font-family: Vollkorn, sans-serif; font-size: 17px; font-style: normal; font-weight: 500; letter-spacing: 0.9px;\">O poema que serve de ep\u00edgrafe a este texto foi escrito no s\u00e9c. XIII pelo mestre zen budista Eihei Dogen. Na simplicidade aparente, mas expressiva, com que descreve a beleza das esta\u00e7\u00f5es do ano, Dogen liga-nos \u00e0 ess\u00eancia de elementos que se sucedem ao ritmo\u00a0das esta\u00e7\u00f5es. Dogen deu o t\u00edtulo de Esp\u00edrito Inato ao seu poema, um esp\u00edrito de contempla\u00e7\u00e3o, descoberta e partilha que inspira esta edi\u00e7\u00e3o de 2023 do Festival dos Capuchos.<\/p><h5>Filipe Pinto-Ribeiro<\/h5><p><em>Director Art\u00edstico do Festival de M\u00fasica dos Capuchos<\/em><\/p>\t\t\t\t\t\t\t\t<\/div>\n\t\t\t\t<\/div>\n\t\t\t\t<div class=\"elementor-element elementor-element-e31a9e2 elementor-widget elementor-widget-spacer\" data-id=\"e31a9e2\" data-element_type=\"widget\" data-e-type=\"widget\" data-widget_type=\"spacer.default\">\n\t\t\t\t<div class=\"elementor-widget-container\">\n\t\t\t\t\t\t\t<div class=\"elementor-spacer\">\n\t\t\t<div class=\"elementor-spacer-inner\"><\/div>\n\t\t<\/div>\n\t\t\t\t\t\t<\/div>\n\t\t\t\t<\/div>\n\t\t\t\t\t<\/div>\n\t\t<\/div>\n\t\t\t\t<div class=\"elementor-column elementor-col-16 elementor-top-column elementor-element elementor-element-29fee08\" data-id=\"29fee08\" data-element_type=\"column\" data-e-type=\"column\">\n\t\t\t<div class=\"elementor-widget-wrap\">\n\t\t\t\t\t\t\t<\/div>\n\t\t<\/div>\n\t\t\t\t\t<\/div>\n\t\t<\/section>\n\t\t\t\t<\/div>\n\t\t","protected":false},"excerpt":{"rendered":"<p>Edi\u00e7\u00e3o 2023 Na Primavera, flores de cerejeira, no Ver\u00e3o, o cuco. No Outono, a lua, e no Inverno, a neve, clara, fria.Eihei Dogen (1200-1253)\u00a0 O Festival de M\u00fasica dos Capuchos 2023 \u00e9 inspirado nas esta\u00e7\u00f5es do ano, construindo um arco de quatro s\u00e9culos que abre com as incontorn\u00e1veis\u00a0Le Quattro Stagioni, compostas por Vivaldi h\u00e1 300 [&hellip;]<\/p>\n","protected":false},"author":5,"featured_media":0,"parent":0,"menu_order":0,"comment_status":"closed","ping_status":"closed","template":"","meta":{"_acf_changed":false,"ocean_post_layout":"","ocean_both_sidebars_style":"","ocean_both_sidebars_content_width":0,"ocean_both_sidebars_sidebars_width":0,"ocean_sidebar":"0","ocean_second_sidebar":"0","ocean_disable_margins":"enable","ocean_add_body_class":"","ocean_shortcode_before_top_bar":"","ocean_shortcode_after_top_bar":"","ocean_shortcode_before_header":"","ocean_shortcode_after_header":"","ocean_has_shortcode":"","ocean_shortcode_after_title":"","ocean_shortcode_before_footer_widgets":"","ocean_shortcode_after_footer_widgets":"","ocean_shortcode_before_footer_bottom":"","ocean_shortcode_after_footer_bottom":"","ocean_display_top_bar":"default","ocean_display_header":"default","ocean_header_style":"","ocean_center_header_left_menu":"0","ocean_custom_header_template":"0","ocean_custom_logo":0,"ocean_custom_retina_logo":0,"ocean_custom_logo_max_width":0,"ocean_custom_logo_tablet_max_width":0,"ocean_custom_logo_mobile_max_width":0,"ocean_custom_logo_max_height":0,"ocean_custom_logo_tablet_max_height":0,"ocean_custom_logo_mobile_max_height":0,"ocean_header_custom_menu":"0","ocean_menu_typo_font_family":"0","ocean_menu_typo_font_subset":"","ocean_menu_typo_font_size":0,"ocean_menu_typo_font_size_tablet":0,"ocean_menu_typo_font_size_mobile":0,"ocean_menu_typo_font_size_unit":"px","ocean_menu_typo_font_weight":"","ocean_menu_typo_font_weight_tablet":"","ocean_menu_typo_font_weight_mobile":"","ocean_menu_typo_transform":"","ocean_menu_typo_transform_tablet":"","ocean_menu_typo_transform_mobile":"","ocean_menu_typo_line_height":0,"ocean_menu_typo_line_height_tablet":0,"ocean_menu_typo_line_height_mobile":0,"ocean_menu_typo_line_height_unit":"","ocean_menu_typo_spacing":0,"ocean_menu_typo_spacing_tablet":0,"ocean_menu_typo_spacing_mobile":0,"ocean_menu_typo_spacing_unit":"","ocean_menu_link_color":"","ocean_menu_link_color_hover":"","ocean_menu_link_color_active":"","ocean_menu_link_background":"","ocean_menu_link_hover_background":"","ocean_menu_link_active_background":"","ocean_menu_social_links_bg":"","ocean_menu_social_hover_links_bg":"","ocean_menu_social_links_color":"","ocean_menu_social_hover_links_color":"","ocean_disable_title":"default","ocean_disable_heading":"default","ocean_post_title":"","ocean_post_subheading":"","ocean_post_title_style":"","ocean_post_title_background_color":"","ocean_post_title_background":0,"ocean_post_title_bg_image_position":"","ocean_post_title_bg_image_attachment":"","ocean_post_title_bg_image_repeat":"","ocean_post_title_bg_image_size":"","ocean_post_title_height":0,"ocean_post_title_bg_overlay":0.5,"ocean_post_title_bg_overlay_color":"","ocean_disable_breadcrumbs":"default","ocean_breadcrumbs_color":"","ocean_breadcrumbs_separator_color":"","ocean_breadcrumbs_links_color":"","ocean_breadcrumbs_links_hover_color":"","ocean_display_footer_widgets":"default","ocean_display_footer_bottom":"default","ocean_custom_footer_template":"0","footnotes":""},"class_list":["post-3707","page","type-page","status-publish","hentry","entry"],"acf":[],"aioseo_notices":[],"_links":{"self":[{"href":"https:\/\/lab.festivalcapuchos.com\/pt\/wp-json\/wp\/v2\/pages\/3707","targetHints":{"allow":["GET"]}}],"collection":[{"href":"https:\/\/lab.festivalcapuchos.com\/pt\/wp-json\/wp\/v2\/pages"}],"about":[{"href":"https:\/\/lab.festivalcapuchos.com\/pt\/wp-json\/wp\/v2\/types\/page"}],"author":[{"embeddable":true,"href":"https:\/\/lab.festivalcapuchos.com\/pt\/wp-json\/wp\/v2\/users\/5"}],"replies":[{"embeddable":true,"href":"https:\/\/lab.festivalcapuchos.com\/pt\/wp-json\/wp\/v2\/comments?post=3707"}],"version-history":[{"count":4,"href":"https:\/\/lab.festivalcapuchos.com\/pt\/wp-json\/wp\/v2\/pages\/3707\/revisions"}],"predecessor-version":[{"id":16479,"href":"https:\/\/lab.festivalcapuchos.com\/pt\/wp-json\/wp\/v2\/pages\/3707\/revisions\/16479"}],"wp:attachment":[{"href":"https:\/\/lab.festivalcapuchos.com\/pt\/wp-json\/wp\/v2\/media?parent=3707"}],"curies":[{"name":"wp","href":"https:\/\/api.w.org\/{rel}","templated":true}]}}